{"id":10925,"date":"2020-04-29T10:44:10","date_gmt":"2020-04-29T10:44:10","guid":{"rendered":"https:\/\/femete.com.es\/?page_id=10925"},"modified":"2021-03-05T11:28:00","modified_gmt":"2021-03-05T11:28:00","slug":"envianos-tu-oferta-de-trabajo","status":"publish","type":"page","link":"https:\/\/viejaweb.femete.com.es\/?page_id=10925","title":{"rendered":"Env\u00edanos tu oferta de trabajo"},"content":{"rendered":"\t\t<div data-elementor-type=\"wp-page\" data-elementor-id=\"10925\" class=\"elementor elementor-10925\" data-elementor-post-type=\"page\">\n\t\t\t\t\t\t<section class=\"elementor-section elementor-top-section elementor-element elementor-element-5897603 elementor-section-boxed elementor-section-height-default elementor-section-height-default\" data-id=\"5897603\" data-element_type=\"section\" data-e-type=\"section\">\n\t\t\t\t\t\t<div class=\"elementor-container elementor-column-gap-default\">\n\t\t\t\t\t<div class=\"elementor-column elementor-col-100 elementor-top-column elementor-element elementor-element-4861a8c\" data-id=\"4861a8c\" data-element_type=\"column\" data-e-type=\"column\">\n\t\t\t<div class=\"elementor-widget-wrap elementor-element-populated\">\n\t\t\t\t\t\t<div class=\"elementor-element elementor-element-18873bb elementor-widget elementor-widget-spacer\" data-id=\"18873bb\" data-element_type=\"widget\" data-e-type=\"widget\" data-widget_type=\"spacer.default\">\n\t\t\t\t<div class=\"elementor-widget-container\">\n\t\t\t\t\t\t\t<div class=\"elementor-spacer\">\n\t\t\t<div class=\"elementor-spacer-inner\"><\/div>\n\t\t<\/div>\n\t\t\t\t\t\t<\/div>\n\t\t\t\t<\/div>\n\t\t\t\t\t<\/div>\n\t\t<\/div>\n\t\t\t\t\t<\/div>\n\t\t<\/section>\n\t\t\t\t<section class=\"elementor-section elementor-top-section elementor-element elementor-element-c46bfda elementor-section-boxed elementor-section-height-default elementor-section-height-default\" data-id=\"c46bfda\" data-element_type=\"section\" data-e-type=\"section\">\n\t\t\t\t\t\t<div class=\"elementor-container elementor-column-gap-default\">\n\t\t\t\t\t<div class=\"elementor-column elementor-col-100 elementor-top-column elementor-element elementor-element-05520b1\" data-id=\"05520b1\" data-element_type=\"column\" data-e-type=\"column\">\n\t\t\t<div class=\"elementor-widget-wrap elementor-element-populated\">\n\t\t\t\t\t\t<div class=\"elementor-element elementor-element-c299bfb elementor-widget elementor-widget-heading\" data-id=\"c299bfb\" data-element_type=\"widget\" data-e-type=\"widget\" data-widget_type=\"heading.default\">\n\t\t\t\t<div class=\"elementor-widget-container\">\n\t\t\t\t\t<h2 class=\"elementor-heading-title elementor-size-default\">Env\u00edanos tu oferta de trabajo<\/h2>\t\t\t\t<\/div>\n\t\t\t\t<\/div>\n\t\t\t\t\t<\/div>\n\t\t<\/div>\n\t\t\t\t\t<\/div>\n\t\t<\/section>\n\t\t\t\t<section class=\"elementor-section elementor-top-section elementor-element elementor-element-9b72b2d elementor-section-boxed elementor-section-height-default elementor-section-height-default\" data-id=\"9b72b2d\" data-element_type=\"section\" data-e-type=\"section\">\n\t\t\t\t\t\t<div class=\"elementor-container elementor-column-gap-default\">\n\t\t\t\t\t<div class=\"elementor-column elementor-col-100 elementor-top-column elementor-element elementor-element-ed476d9\" data-id=\"ed476d9\" data-element_type=\"column\" data-e-type=\"column\">\n\t\t\t<div class=\"elementor-widget-wrap elementor-element-populated\">\n\t\t\t\t\t\t<div class=\"elementor-element elementor-element-bfd8779 elementor-widget elementor-widget-spacer\" data-id=\"bfd8779\" data-element_type=\"widget\" data-e-type=\"widget\" data-widget_type=\"spacer.default\">\n\t\t\t\t<div class=\"elementor-widget-container\">\n\t\t\t\t\t\t\t<div class=\"elementor-spacer\">\n\t\t\t<div class=\"elementor-spacer-inner\"><\/div>\n\t\t<\/div>\n\t\t\t\t\t\t<\/div>\n\t\t\t\t<\/div>\n\t\t\t\t\t<\/div>\n\t\t<\/div>\n\t\t\t\t\t<\/div>\n\t\t<\/section>\n\t\t\t\t<section class=\"elementor-section elementor-top-section elementor-element elementor-element-44d1466 elementor-section-boxed elementor-section-height-default elementor-section-height-default\" data-id=\"44d1466\" data-element_type=\"section\" data-e-type=\"section\">\n\t\t\t\t\t\t<div class=\"elementor-container elementor-column-gap-default\">\n\t\t\t\t\t<div class=\"elementor-column elementor-col-50 elementor-top-column elementor-element elementor-element-cf4dc51\" data-id=\"cf4dc51\" data-element_type=\"column\" data-e-type=\"column\">\n\t\t\t<div class=\"elementor-widget-wrap elementor-element-populated\">\n\t\t\t\t\t\t<div class=\"elementor-element elementor-element-b540b77 elementor-widget elementor-widget-shortcode\" data-id=\"b540b77\" data-element_type=\"widget\" data-e-type=\"widget\" data-widget_type=\"shortcode.default\">\n\t\t\t\t<div class=\"elementor-widget-container\">\n\t\t\t\t\t\t\t<div class=\"elementor-shortcode\">[contact-form-7 id=\"19005\" title=\"Empresas: Env\u00edanos tu CV\"]<\/div>\n\t\t\t\t\t\t<\/div>\n\t\t\t\t<\/div>\n\t\t\t\t\t<\/div>\n\t\t<\/div>\n\t\t\t\t<div class=\"elementor-column elementor-col-50 elementor-top-column elementor-element elementor-element-b8db266\" data-id=\"b8db266\" data-element_type=\"column\" data-e-type=\"column\">\n\t\t\t<div class=\"elementor-widget-wrap elementor-element-populated\">\n\t\t\t\t\t\t<div class=\"elementor-element elementor-element-1c1eda3 elementor-alert-info elementor-widget elementor-widget-alert\" data-id=\"1c1eda3\" data-element_type=\"widget\" data-e-type=\"widget\" data-widget_type=\"alert.default\">\n\t\t\t\t<div class=\"elementor-widget-container\">\n\t\t\t\t\t\t\t<div class=\"elementor-alert\" role=\"alert\">\n\n\t\t\t\t\t\t<span class=\"elementor-alert-title\">Compromiso de confidencialidad para la empresa<\/span>\n\t\t\t\n\t\t\t\t\t\t<span class=\"elementor-alert-description\">El\/la abajo firmante, D\/D\u00f1a (valor correspondiente al campo Responsable de este formulario formulario) con D.N.I (valor correspondiente al campo DNI de este formulario) y domicilio en ( valor correspondiente campo Direcci\u00f3n de este formulario) en adelante (EL COLABORADOR) en el marco de la relaci\u00f3n contractual que le une a FEMETE se compromete a:\n1. No revelar a persona alguna ajena a FEMETE, sin su consentimiento, la informaci\u00f3n a la que haya tenido acceso, excepto en el caso de que ello sea necesario para dar debido cumplimiento a obligaciones del abajo firmante o de la entidad impuestas por las leyes o normas que resulten de aplicaci\u00f3n, o sea requerido para ello por mandato de la autoridad competente con arreglo a Derecho.\n2. Utilizar la informaci\u00f3n a que alude el apartado anterior \u00fanicamente para tr\u00e1mites relacionados con la cobertura del puesto de trabajo ofertado y no disponer de ella de ninguna otra forma o con otra finalidad.\n3. No utilizar en forma alguna cualquier otra informaci\u00f3n que hubiese podido obtener prevali\u00e9ndose de su condici\u00f3n de colaborador de FEMETE, y que no sea necesaria para el desempe\u00f1o de sus funciones.\n4. Cumplir la normativa vigente, nacional y comunitaria, relativa a la protecci\u00f3n de datos de car\u00e1cter personal y, en particular, la Ley Org\u00e1nica 15\/1999, de 13 de diciembre y disposiciones complementarias o cualquier otra norma que las sustituya en el futuro.\n5. Cumplir los compromisos anteriores incluso despu\u00e9s de extinguida, por cualquier causa, la relaci\u00f3n que le une con FEMETE.\n6. una vez finalizada la relaci\u00f3n, los datos de car\u00e1cter personal que se encuentren en poder del COLABORADOR en cualquier tipo de soporte deber\u00e1n ser devueltos a FEMETE o bien el COLABORADOR deber\u00e1 proceder a su destrucci\u00f3n si \u00e9stos han dejado de ser necesarios.\nEl\/La abajo firmante se hace responsable frente a FEMETE y frente a terceros de cualquier da\u00f1o que pudiera derivarse para unos u otros del incumplimiento de los compromisos anteriores y resarcir\u00e1 a la federaci\u00f3n de las indemnizaciones, sanciones o reclamaciones que \u00e9ste se vea obligado a satisfacer como consecuencia de dicho incumplimiento.\n7. la empresa se compromete a informar a FEMETE sobre el resultado del proceso selectivo, indicando el nombre de la\/s persona\/s seleccionada\/s.\nY para que surta plenos efecto, firmo la presente declaraci\u00f3n, en Tenerife, a (valor correspondiente al campo Fecha de este formulario).\n<\/span>\n\t\t\t\n\t\t\t\t\t\t<button type=\"button\" class=\"elementor-alert-dismiss\" aria-label=\"Descartar esta alerta.\">\n\t\t\t\t\t\t\t\t\t<span aria-hidden=\"true\">&times;<\/span>\n\t\t\t\t\t\t\t<\/button>\n\t\t\t\n\t\t<\/div>\n\t\t\t\t\t\t<\/div>\n\t\t\t\t<\/div>\n\t\t\t\t\t<\/div>\n\t\t<\/div>\n\t\t\t\t\t<\/div>\n\t\t<\/section>\n\t\t\t\t<section class=\"elementor-section elementor-top-section elementor-element elementor-element-2548f99 elementor-section-boxed elementor-section-height-default elementor-section-height-default\" data-id=\"2548f99\" data-element_type=\"section\" data-e-type=\"section\">\n\t\t\t\t\t\t<div class=\"elementor-container elementor-column-gap-default\">\n\t\t\t\t\t<div class=\"elementor-column elementor-col-100 elementor-top-column elementor-element elementor-element-550d63d\" data-id=\"550d63d\" data-element_type=\"column\" data-e-type=\"column\">\n\t\t\t<div class=\"elementor-widget-wrap elementor-element-populated\">\n\t\t\t\t\t\t<div class=\"elementor-element elementor-element-eb8752a elementor-widget elementor-widget-text-editor\" data-id=\"eb8752a\" data-element_type=\"widget\" data-e-type=\"widget\" data-widget_type=\"text-editor.default\">\n\t\t\t\t<div class=\"elementor-widget-container\">\n\t\t\t\t\t\t\t\t\t<p><strong>Los campos con aster\u00edsco (*) son olbigatorios.<\/strong><\/p><p><em>1 De acuerdo con lo establecido en La Ley Org\u00e1nica 15\/1999, de Protecci\u00f3n de Datos de Car\u00e1cter Personal, le informamos que los datos personales recogidos en el contrato han sido incorporados en las bases de datos de FEMETE y tratados automatizadamente. En el caso de producirse alguna modificaci\u00f3n de sus datos, rogamos nos lo comunique debidamente por escrito con la finalidad de mantener sus datos actualizados.<\/em><\/p>\t\t\t\t\t\t\t\t<\/div>\n\t\t\t\t<\/div>\n\t\t\t\t\t<\/div>\n\t\t<\/div>\n\t\t\t\t\t<\/div>\n\t\t<\/section>\n\t\t\t\t<section class=\"elementor-section elementor-top-section elementor-element elementor-element-d215f22 elementor-section-boxed elementor-section-height-default elementor-section-height-default\" data-id=\"d215f22\" data-element_type=\"section\" data-e-type=\"section\">\n\t\t\t\t\t\t<div class=\"elementor-container elementor-column-gap-default\">\n\t\t\t\t\t<div class=\"elementor-column elementor-col-50 elementor-top-column elementor-element elementor-element-6d50f56\" data-id=\"6d50f56\" data-element_type=\"column\" data-e-type=\"column\">\n\t\t\t<div class=\"elementor-widget-wrap elementor-element-populated\">\n\t\t\t\t\t\t<div class=\"elementor-element elementor-element-56fba00 elementor-view-default elementor-position-block-start elementor-mobile-position-block-start elementor-widget elementor-widget-icon-box\" data-id=\"56fba00\" data-element_type=\"widget\" data-e-type=\"widget\" data-widget_type=\"icon-box.default\">\n\t\t\t\t<div class=\"elementor-widget-container\">\n\t\t\t\t\t\t\t<div class=\"elementor-icon-box-wrapper\">\n\n\t\t\t\t\t\t<div class=\"elementor-icon-box-icon\">\n\t\t\t\t<a href=\"mailto:empleo@email.femete.es\" class=\"elementor-icon elementor-animation-shrink\" tabindex=\"-1\" aria-label=\"Email\">\n\t\t\t\t<i aria-hidden=\"true\" class=\"fas fa-envelope\"><\/i>\t\t\t\t<\/a>\n\t\t\t<\/div>\n\t\t\t\n\t\t\t\t\t\t<div class=\"elementor-icon-box-content\">\n\n\t\t\t\t\t\t\t\t\t<h3 class=\"elementor-icon-box-title\">\n\t\t\t\t\t\t<a href=\"mailto:empleo@email.femete.es\" >\n\t\t\t\t\t\t\tEmail\t\t\t\t\t\t<\/a>\n\t\t\t\t\t<\/h3>\n\t\t\t\t\n\t\t\t\t\t\t\t\t\t<p class=\"elementor-icon-box-description\">\n\t\t\t\t\t\tEscribiendo a empleo@email.femete.es\t\t\t\t\t<\/p>\n\t\t\t\t\n\t\t\t<\/div>\n\t\t\t\n\t\t<\/div>\n\t\t\t\t\t\t<\/div>\n\t\t\t\t<\/div>\n\t\t\t\t\t<\/div>\n\t\t<\/div>\n\t\t\t\t<div class=\"elementor-column elementor-col-50 elementor-top-column elementor-element elementor-element-6b00d9a\" data-id=\"6b00d9a\" data-element_type=\"column\" data-e-type=\"column\">\n\t\t\t<div class=\"elementor-widget-wrap elementor-element-populated\">\n\t\t\t\t\t\t<div class=\"elementor-element elementor-element-2e8d537 elementor-view-default elementor-position-block-start elementor-mobile-position-block-start elementor-widget elementor-widget-icon-box\" data-id=\"2e8d537\" data-element_type=\"widget\" data-e-type=\"widget\" data-widget_type=\"icon-box.default\">\n\t\t\t\t<div class=\"elementor-widget-container\">\n\t\t\t\t\t\t\t<div class=\"elementor-icon-box-wrapper\">\n\n\t\t\t\t\t\t<div class=\"elementor-icon-box-icon\">\n\t\t\t\t<span  class=\"elementor-icon elementor-animation-shrink\">\n\t\t\t\t<i aria-hidden=\"true\" class=\"fas fa-phone-alt\"><\/i>\t\t\t\t<\/span>\n\t\t\t<\/div>\n\t\t\t\n\t\t\t\t\t\t<div class=\"elementor-icon-box-content\">\n\n\t\t\t\t\t\t\t\t\t<h3 class=\"elementor-icon-box-title\">\n\t\t\t\t\t\t<span  >\n\t\t\t\t\t\t\tTel\u00e9fono\t\t\t\t\t\t<\/span>\n\t\t\t\t\t<\/h3>\n\t\t\t\t\n\t\t\t\t\t\t\t\t\t<p class=\"elementor-icon-box-description\">\n\t\t\t\t\t\tLlamando al 922 29 67 00\t\t\t\t\t<\/p>\n\t\t\t\t\n\t\t\t<\/div>\n\t\t\t\n\t\t<\/div>\n\t\t\t\t\t\t<\/div>\n\t\t\t\t<\/div>\n\t\t\t\t\t<\/div>\n\t\t<\/div>\n\t\t\t\t\t<\/div>\n\t\t<\/section>\n\t\t\t\t<section class=\"elementor-section elementor-top-section elementor-element elementor-element-58b8345 elementor-section-boxed elementor-section-height-default elementor-section-height-default\" data-id=\"58b8345\" data-element_type=\"section\" data-e-type=\"section\">\n\t\t\t\t\t\t<div class=\"elementor-container elementor-column-gap-default\">\n\t\t\t\t\t<div class=\"elementor-column elementor-col-100 elementor-top-column elementor-element elementor-element-9113ac4\" data-id=\"9113ac4\" data-element_type=\"column\" data-e-type=\"column\">\n\t\t\t<div class=\"elementor-widget-wrap elementor-element-populated\">\n\t\t\t\t\t\t<div class=\"elementor-element elementor-element-761616c elementor-widget elementor-widget-text-editor\" data-id=\"761616c\" data-element_type=\"widget\" data-e-type=\"widget\" data-widget_type=\"text-editor.default\">\n\t\t\t\t<div class=\"elementor-widget-container\">\n\t\t\t\t\t\t\t\t\t<p><strong>FEMETE, en Resoluci\u00f3n n\u00ba 12\/01793 del Director del Servicio Canario de Empleo de fecha 10\/04\/2012, ha sido autorizada como Agencia de Colocaci\u00f3n, con n\u00famero de identificaci\u00f3n 0500000007<\/strong><\/p><p><img decoding=\"async\" src=\"https:\/\/i2.wp.com\/wp2.femete.com.es\/wp-content\/uploads\/2018\/02\/logo_sce-300x104.jpg?resize=202%2C70\" data-src=\"https:\/\/i2.wp.com\/wp2.femete.com.es\/wp-content\/uploads\/2018\/02\/logo_sce-300x104.jpg?resize=202%2C70\" alt=\"\" width=\"202\" height=\"70\" class=\"wp-image-847 alignright lazyloaded\" data-srcset=\"https:\/\/i2.wp.com\/femete.com.es\/wp-content\/uploads\/2018\/02\/logo_sce.jpg?resize=300%2C104&amp;ssl=1 300w, https:\/\/i2.wp.com\/femete.com.es\/wp-content\/uploads\/2018\/02\/logo_sce.jpg?resize=600%2C208&amp;ssl=1 600w, https:\/\/i2.wp.com\/femete.com.es\/wp-content\/uploads\/2018\/02\/logo_sce.jpg?resize=768%2C266&amp;ssl=1 768w, https:\/\/i2.wp.com\/femete.com.es\/wp-content\/uploads\/2018\/02\/logo_sce.jpg?w=1024&amp;ssl=1 1024w\" data-sizes=\"(max-width: 202px) 100vw, 202px\" sizes=\"(max-width: 202px) 100vw, 202px\" srcset=\"https:\/\/i2.wp.com\/femete.com.es\/wp-content\/uploads\/2018\/02\/logo_sce.jpg?resize=300%2C104&amp;ssl=1 300w, https:\/\/i2.wp.com\/femete.com.es\/wp-content\/uploads\/2018\/02\/logo_sce.jpg?resize=600%2C208&amp;ssl=1 600w, https:\/\/i2.wp.com\/femete.com.es\/wp-content\/uploads\/2018\/02\/logo_sce.jpg?resize=768%2C266&amp;ssl=1 768w, https:\/\/i2.wp.com\/femete.com.es\/wp-content\/uploads\/2018\/02\/logo_sce.jpg?w=1024&amp;ssl=1 1024w\" \/><\/p>\t\t\t\t\t\t\t\t<\/div>\n\t\t\t\t<\/div>\n\t\t\t\t\t<\/div>\n\t\t<\/div>\n\t\t\t\t\t<\/div>\n\t\t<\/section>\n\t\t\t\t<section class=\"elementor-section elementor-top-section elementor-element elementor-element-708576b elementor-section-boxed elementor-section-height-default elementor-section-height-default\" data-id=\"708576b\" data-element_type=\"section\" data-e-type=\"section\">\n\t\t\t\t\t\t<div class=\"elementor-container elementor-column-gap-default\">\n\t\t\t\t\t<div class=\"elementor-column elementor-col-100 elementor-top-column elementor-element elementor-element-66f2b09\" data-id=\"66f2b09\" data-element_type=\"column\" data-e-type=\"column\">\n\t\t\t<div class=\"elementor-widget-wrap elementor-element-populated\">\n\t\t\t\t\t\t<div class=\"elementor-element elementor-element-2b6cb6a elementor-widget elementor-widget-text-editor\" data-id=\"2b6cb6a\" data-element_type=\"widget\" data-e-type=\"widget\" data-widget_type=\"text-editor.default\">\n\t\t\t\t<div class=\"elementor-widget-container\">\n\t\t\t\t\t\t\t\t\t<p><strong>Informaci\u00f3n B\u00e1sica Sobre Protecci\u00f3n de Datos<\/strong><\/p><table width=\"643\"><tbody><tr><td width=\"182\"><p><strong>RESPONSABLE:<\/strong><\/p><\/td><td width=\"460\"><p>Federaci\u00f3n Provincial de Empresas del Metal y Nuevas Tecnolog\u00edas de Santa Cruz de Tenerife, FEMETE, femete@femete.es<\/p><\/td><\/tr><tr><td width=\"182\"><p><strong>FINALIDAD:<\/strong><\/p><\/td><td width=\"460\"><p>Darle de alta como usuario y gestionar su participaci\u00f3n de proyectos de formaci\u00f3n e inserci\u00f3n laboral.<\/p><\/td><\/tr><tr><td width=\"182\"><p><strong>LEGITIMACI\u00d3N:<\/strong><\/p><\/td><td width=\"460\"><p>Cumplimiento de la relaci\u00f3n contractual.<\/p><\/td><\/tr><tr><td width=\"182\"><p><strong>DERECHOS:<\/strong><\/p><\/td><td width=\"460\"><p>Acceso, rectificaci\u00f3n, supresi\u00f3n, oposici\u00f3n, limitaci\u00f3n del tratamiento, portabilidad y presentar reclamaci\u00f3n ante la Agencia Espa\u00f1ola de Protecci\u00f3n de Datos.<\/p><\/td><\/tr><tr><td width=\"182\"><p><strong>INFORMACI\u00d3N ADICIONAL:<\/strong><\/p><\/td><td width=\"460\"><p>Consulte la informaci\u00f3n adicional y detallada sobre Protecci\u00f3n de Datos en nuestra <strong>Pol\u00edtica de Privacidad.<\/strong><\/p><\/td><\/tr><\/tbody><\/table>\t\t\t\t\t\t\t\t<\/div>\n\t\t\t\t<\/div>\n\t\t\t\t\t<\/div>\n\t\t<\/div>\n\t\t\t\t\t<\/div>\n\t\t<\/section>\n\t\t\t\t<section class=\"elementor-section elementor-top-section elementor-element elementor-element-76788b7 elementor-section-boxed elementor-section-height-default elementor-section-height-default\" data-id=\"76788b7\" data-element_type=\"section\" data-e-type=\"section\">\n\t\t\t\t\t\t<div class=\"elementor-container elementor-column-gap-default\">\n\t\t\t\t\t<div class=\"elementor-column elementor-col-100 elementor-top-column elementor-element elementor-element-f39c122\" data-id=\"f39c122\" data-element_type=\"column\" data-e-type=\"column\">\n\t\t\t<div class=\"elementor-widget-wrap elementor-element-populated\">\n\t\t\t\t\t\t<div class=\"elementor-element elementor-element-e6e44ec elementor-widget elementor-widget-spacer\" data-id=\"e6e44ec\" data-element_type=\"widget\" data-e-type=\"widget\" data-widget_type=\"spacer.default\">\n\t\t\t\t<div class=\"elementor-widget-container\">\n\t\t\t\t\t\t\t<div class=\"elementor-spacer\">\n\t\t\t<div class=\"elementor-spacer-inner\"><\/div>\n\t\t<\/div>\n\t\t\t\t\t\t<\/div>\n\t\t\t\t<\/div>\n\t\t\t\t\t<\/div>\n\t\t<\/div>\n\t\t\t\t\t<\/div>\n\t\t<\/section>\n\t\t\t\t<\/div>\n\t\t","protected":false},"excerpt":{"rendered":"<p>Env\u00edanos tu oferta de trabajo [contact-form-7 id=\u00bb19005&#8243; title=\u00bbEmpresas: Env\u00edanos tu CV\u00bb] Compromiso de confidencialidad para la empresa El\/la abajo firmante, D\/D\u00f1a (valor correspondiente al campo Responsable de este formulario formulario) con D.N.I (valor correspondiente al campo DNI de este formulario) y domicilio en ( valor correspondiente campo Direcci\u00f3n de este<a class=\"moretag\" href=\"https:\/\/viejaweb.femete.com.es\/?page_id=10925\"> Leer m\u00e1s<\/a><\/p>\n","protected":false},"author":1,"featured_media":0,"parent":0,"menu_order":0,"comment_status":"closed","ping_status":"closed","template":"page-templates\/template-pagebuilder-full-width.php","meta":{"footnotes":""},"class_list":["post-10925","page","type-page","status-publish","hentry"],"jetpack_sharing_enabled":true,"jetpack_shortlink":"https:\/\/wp.me\/P9F20n-2Qd","_links":{"self":[{"href":"https:\/\/viejaweb.femete.com.es\/index.php?rest_route=\/wp\/v2\/pages\/10925","targetHints":{"allow":["GET"]}}],"collection":[{"href":"https:\/\/viejaweb.femete.com.es\/index.php?rest_route=\/wp\/v2\/pages"}],"about":[{"href":"https:\/\/viejaweb.femete.com.es\/index.php?rest_route=\/wp\/v2\/types\/page"}],"author":[{"embeddable":true,"href":"https:\/\/viejaweb.femete.com.es\/index.php?rest_route=\/wp\/v2\/users\/1"}],"replies":[{"embeddable":true,"href":"https:\/\/viejaweb.femete.com.es\/index.php?rest_route=%2Fwp%2Fv2%2Fcomments&post=10925"}],"version-history":[{"count":0,"href":"https:\/\/viejaweb.femete.com.es\/index.php?rest_route=\/wp\/v2\/pages\/10925\/revisions"}],"wp:attachment":[{"href":"https:\/\/viejaweb.femete.com.es\/index.php?rest_route=%2Fwp%2Fv2%2Fmedia&parent=10925"}],"curies":[{"name":"wp","href":"https:\/\/api.w.org\/{rel}","templated":true}]}}