{"id":1154,"date":"2017-06-05T09:34:54","date_gmt":"2017-06-05T08:34:54","guid":{"rendered":"http:\/\/wordpress.femete.com.es\/?page_id=81"},"modified":"2020-04-15T14:11:03","modified_gmt":"2020-04-15T14:11:03","slug":"como-asociarse","status":"publish","type":"page","link":"https:\/\/viejaweb.femete.com.es\/?page_id=1154","title":{"rendered":"C\u00f3mo asociarse"},"content":{"rendered":"<p><strong>Servicios que ofrece Femete<\/strong><\/p>\n<p>&#8211;\u00a0Asesoramiento laboral, jur\u00eddico, fiscal, prevenci\u00f3n de riesgos laborales, normativa medioambiental, implantaci\u00f3n de sistemas de calidad, protecci\u00f3n de datos, etc.<br \/>\n&#8211;\u00a0Amplia oferta formativa a trav\u00e9s de cursos, jornadas, teleformaci\u00f3n, etc.<br \/>\n&#8211;\u00a0Acuerdos comerciales que pueden reportar ventajas y descuentos especiales en \u00e1mbitos que contribuyen al desarrollo de la empresa.<br \/>\n&#8211;\u00a0Puntual informaci\u00f3n sobre subvenciones o normativas.<\/p>\n<p><em>Para m\u00e1s informaci\u00f3n, visite la secci\u00f3n\u00a0<a href=\"https:\/\/femete.com.es\/?page_id=1155\">Servicios<\/a>.<\/em><\/p>\n<p><strong>C\u00f3mo asociarse<\/strong><\/p>\n<p>&#8211;\u00a0Puede cumplimentar el formulario que encontar\u00e1 a continuaci\u00f3n en esta p\u00e1gina, y nuestro departamento comercial se pondr\u00e1 en contacto con usted.<br \/>\n&#8211; Inf\u00f3rmese si compromiso en el 922 296 700.<\/p>\n<p><strong>Cuota a pagar<\/strong><\/p>\n<p>&#8211; Cuota de Femete: 39,90 \u20ac\/mes por empresa<br \/>\nCuota por cada trabajador: 4,81 \u20ac\/mes.<br \/>\n&#8211;\u00a0Algunas asociaciones tienen cuotas espec\u00edficas.\u00a0\u00a0El listado actualizado de las cuotas de las asociaciones lo encontrar\u00e1 en la parte inferior de est\u00e1 p\u00e1gina como fichero PDF<\/p>\n<p>&#8211; Asesor\u00eda Laboral 20 \u20ac\/mes por empresa (hasta 5 trabajadores). Precios muy especiales por Asesor\u00eda Fiscal y Contable<\/p>\n<p><a href=\"https:\/\/femete.com.es\/wp-content\/uploads\/2019\/01\/CUOTAS-DE-FEMETE-Y-ASOCIACIONES-2019.pdf\">Cuotas Femete y Asociaciones 2019<\/a><\/p>\n","protected":false},"excerpt":{"rendered":"<p>Servicios que ofrece Femete &#8211;\u00a0Asesoramiento laboral, jur\u00eddico, fiscal, prevenci\u00f3n de riesgos laborales, normativa medioambiental, implantaci\u00f3n de sistemas de calidad, protecci\u00f3n de datos, etc. &#8211;\u00a0Amplia oferta formativa a trav\u00e9s de cursos, jornadas, teleformaci\u00f3n, etc. &#8211;\u00a0Acuerdos comerciales que pueden reportar ventajas y descuentos especiales en \u00e1mbitos que contribuyen al desarrollo de la<a class=\"moretag\" href=\"https:\/\/viejaweb.femete.com.es\/?page_id=1154\"> Leer m\u00e1s<\/a><\/p>\n","protected":false},"author":1,"featured_media":1102,"parent":668,"menu_order":0,"comment_status":"closed","ping_status":"closed","template":"","meta":{"footnotes":""},"class_list":["post-1154","page","type-page","status-publish","has-post-thumbnail","hentry"],"jetpack_sharing_enabled":true,"jetpack_shortlink":"https:\/\/wp.me\/P9F20n-iC","_links":{"self":[{"href":"https:\/\/viejaweb.femete.com.es\/index.php?rest_route=\/wp\/v2\/pages\/1154","targetHints":{"allow":["GET"]}}],"collection":[{"href":"https:\/\/viejaweb.femete.com.es\/index.php?rest_route=\/wp\/v2\/pages"}],"about":[{"href":"https:\/\/viejaweb.femete.com.es\/index.php?rest_route=\/wp\/v2\/types\/page"}],"author":[{"embeddable":true,"href":"https:\/\/viejaweb.femete.com.es\/index.php?rest_route=\/wp\/v2\/users\/1"}],"replies":[{"embeddable":true,"href":"https:\/\/viejaweb.femete.com.es\/index.php?rest_route=%2Fwp%2Fv2%2Fcomments&post=1154"}],"version-history":[{"count":0,"href":"https:\/\/viejaweb.femete.com.es\/index.php?rest_route=\/wp\/v2\/pages\/1154\/revisions"}],"up":[{"embeddable":true,"href":"https:\/\/viejaweb.femete.com.es\/index.php?rest_route=\/wp\/v2\/pages\/668"}],"wp:featuredmedia":[{"embeddable":true,"href":"https:\/\/viejaweb.femete.com.es\/index.php?rest_route=\/wp\/v2\/media\/1102"}],"wp:attachment":[{"href":"https:\/\/viejaweb.femete.com.es\/index.php?rest_route=%2Fwp%2Fv2%2Fmedia&parent=1154"}],"curies":[{"name":"wp","href":"https:\/\/api.w.org\/{rel}","templated":true}]}}