{"id":227,"date":"2017-07-07T09:53:11","date_gmt":"2017-07-07T08:53:11","guid":{"rendered":"http:\/\/wordpress.femete.com.es\/?page_id=227"},"modified":"2018-02-14T10:31:45","modified_gmt":"2018-02-14T10:31:45","slug":"asesoramiento","status":"publish","type":"page","link":"https:\/\/viejaweb.femete.com.es\/?page_id=227","title":{"rendered":"Asesoramiento"},"content":{"rendered":"<p>El asesoramiento empresarial es nuestro mayor valor. Desde la Federaci\u00f3n Provincial de Empresarios del Metal y Nuevas Tecnolog\u00edas de Santa Cruz de Tenerife nos comprometemos a ofrecer un servicio de asesoramiento integral que d\u00e9 soluci\u00f3n a todas las necesidades de las empresas asociadas, poniendo a su disposici\u00f3n, de manera personalizada, diversos servicios encaminados a lograr que su empresa alcance los objetivos econ\u00f3micos y comerciales que tiene en mente.<\/p>\n<p>Femete presta asesoramiento en:<\/p>\n<p><a href=\"http:\/\/femete.com.es\/?page_id=575\"><strong>Asesor\u00eda Laboral, Fiscal y Contable<\/strong><\/a><\/p>\n<p>El objetivo principal es ofrecer un asesoramiento y gesti\u00f3n en las ramas de Laboral, Contable y Fiscal de su empresa, al mismo tiempo que se realiza el cumplimiento de todas las obligaciones ante cualquier organismo y\/o entidad p\u00fablica, a un coste sin competencia en el mercado.<\/p>\n<hr \/>\n<p><a href=\"http:\/\/femete.com.es\/?page_id=235\"><strong>Innovaci\u00f3n<\/strong><\/a><br \/>\nFemete forma parte de la Red Canaria de Centros de Innovaci\u00f3n y Desarrollo Empresarial (CIDE),\u00a0 Red compuesta por 23 centros especializados en fomentar la innovaci\u00f3n, en los que nuestro personal t\u00e9cnico gu\u00eda y asesora, sin coste alguno, a las empresas canarias que deciden subirse al tren de la innovaci\u00f3n.<\/p>\n<hr \/>\n<p><a href=\"http:\/\/femete.com.es\/?page_id=239\"><strong>Legalidad<\/strong><\/a><br \/>\nNuestro objetivo es ayudar a las pymes industriales, integradas en el sector del metal,\u00a0 a regularizar su situaci\u00f3n, prest\u00e1ndoles un asesoramiento continuo y personalizado por un equipo de profesionales cualificados\/as.<\/p>\n<hr \/>\n<p><a href=\"http:\/\/femete.com.es\/?page_id=243\"><strong>Seguridad laboral e industrial<\/strong><\/a><br \/>\nNuestro objetivo es apoyar a las empresas en el cumplimiento de sus obligaciones en materia de seguridad y salud laboral, ofreciendo respuestas eficaces por medio del desarrollo de proyectos y actividades encaminadas a dotar a las empresas de una mayor ventaja competitiva en el mercado, mejorando su imagen frente al consumidor.<\/p>\n<hr \/>\n<p><a href=\"http:\/\/femete.com.es\/?page_id=257\"><strong>Ayudas y subvenciones<\/strong><\/a><br \/>\nEste apartado muestra el listado de convocatorias de ayudas y subvenciones para empresas y personal aut\u00f3nomo otorgadas por las consejer\u00edas y organismos locales, auton\u00f3micos, nacionales y de la Uni\u00f3n Europea.<\/p>\n<hr \/>\n<p><a href=\"http:\/\/femete.com.es\/?page_id=260\"><strong>Proyectos<\/strong><\/a><br \/>\nFemete participa e incentiva, en todos los \u00e1mbitos y niveles, la generaci\u00f3n y desarrollo de proyectos junto a sus empresas asociadas con la intenci\u00f3n de impulsar la econom\u00eda social y su entorno. Desde la Federaci\u00f3n consideramos las iniciativas de gran inter\u00e9s para que nuestro empresariado consiga aumentar su competitividad.Por ello, invitamos a aquellos que lo deseen a participar.<\/p>\n<hr \/>\n<p><a href=\"http:\/\/femete.com.es\/?page_id=248\"><strong>Consultor\u00edas T\u00e9cnicas<\/strong><\/a><br \/>\nServicio de asesoramiento especializado integrado por un equipo de profesionales cualificados\/as con una amplia experiencia en el sector del metal y las nuevas tecnolog\u00edas, adquirida durante a\u00f1os tanto en empresas privadas como en la Administraci\u00f3n.<\/p>\n<hr \/>\n<p>&nbsp;<\/p>\n","protected":false},"excerpt":{"rendered":"<p>El asesoramiento empresarial es nuestro mayor valor. Desde la Federaci\u00f3n Provincial de Empresarios del Metal y Nuevas Tecnolog\u00edas de Santa Cruz de Tenerife nos comprometemos a ofrecer un servicio de asesoramiento integral que d\u00e9 soluci\u00f3n a todas las necesidades de las empresas asociadas, poniendo a su disposici\u00f3n, de manera personalizada,<a class=\"moretag\" href=\"https:\/\/viejaweb.femete.com.es\/?page_id=227\"> Leer m\u00e1s<\/a><\/p>\n","protected":false},"author":1,"featured_media":0,"parent":1155,"menu_order":0,"comment_status":"closed","ping_status":"closed","template":"","meta":{"footnotes":""},"class_list":["post-227","page","type-page","status-publish","hentry"],"jetpack_sharing_enabled":true,"jetpack_shortlink":"https:\/\/wp.me\/P9F20n-3F","_links":{"self":[{"href":"https:\/\/viejaweb.femete.com.es\/index.php?rest_route=\/wp\/v2\/pages\/227","targetHints":{"allow":["GET"]}}],"collection":[{"href":"https:\/\/viejaweb.femete.com.es\/index.php?rest_route=\/wp\/v2\/pages"}],"about":[{"href":"https:\/\/viejaweb.femete.com.es\/index.php?rest_route=\/wp\/v2\/types\/page"}],"author":[{"embeddable":true,"href":"https:\/\/viejaweb.femete.com.es\/index.php?rest_route=\/wp\/v2\/users\/1"}],"replies":[{"embeddable":true,"href":"https:\/\/viejaweb.femete.com.es\/index.php?rest_route=%2Fwp%2Fv2%2Fcomments&post=227"}],"version-history":[{"count":0,"href":"https:\/\/viejaweb.femete.com.es\/index.php?rest_route=\/wp\/v2\/pages\/227\/revisions"}],"up":[{"embeddable":true,"href":"https:\/\/viejaweb.femete.com.es\/index.php?rest_route=\/wp\/v2\/pages\/1155"}],"wp:attachment":[{"href":"https:\/\/viejaweb.femete.com.es\/index.php?rest_route=%2Fwp%2Fv2%2Fmedia&parent=227"}],"curies":[{"name":"wp","href":"https:\/\/api.w.org\/{rel}","templated":true}]}}