{"id":253390,"date":"2022-03-15T10:26:34","date_gmt":"2022-03-15T10:26:34","guid":{"rendered":"https:\/\/femete.com.es\/?page_id=253390"},"modified":"2022-03-16T09:26:47","modified_gmt":"2022-03-16T09:26:47","slug":"ayuda-kit-digital","status":"publish","type":"page","link":"https:\/\/viejaweb.femete.com.es\/?page_id=253390","title":{"rendered":"Ayuda Kit Digital"},"content":{"rendered":"\t\t<div data-elementor-type=\"wp-page\" data-elementor-id=\"253390\" class=\"elementor elementor-253390\" data-elementor-post-type=\"page\">\n\t\t\t\t\t\t<section class=\"elementor-section elementor-top-section elementor-element elementor-element-14b676d elementor-section-boxed elementor-section-height-default elementor-section-height-default\" data-id=\"14b676d\" data-element_type=\"section\" data-e-type=\"section\">\n\t\t\t\t\t\t<div class=\"elementor-container elementor-column-gap-default\">\n\t\t\t\t\t<div class=\"elementor-column elementor-col-100 elementor-top-column elementor-element elementor-element-c930eaa\" data-id=\"c930eaa\" data-element_type=\"column\" data-e-type=\"column\">\n\t\t\t<div class=\"elementor-widget-wrap elementor-element-populated\">\n\t\t\t\t\t\t<div class=\"elementor-element elementor-element-d4ff932 elementor-widget elementor-widget-spacer\" data-id=\"d4ff932\" data-element_type=\"widget\" data-e-type=\"widget\" data-widget_type=\"spacer.default\">\n\t\t\t\t<div class=\"elementor-widget-container\">\n\t\t\t\t\t\t\t<div class=\"elementor-spacer\">\n\t\t\t<div class=\"elementor-spacer-inner\"><\/div>\n\t\t<\/div>\n\t\t\t\t\t\t<\/div>\n\t\t\t\t<\/div>\n\t\t\t\t\t<\/div>\n\t\t<\/div>\n\t\t\t\t\t<\/div>\n\t\t<\/section>\n\t\t\t\t<section class=\"elementor-section elementor-top-section elementor-element elementor-element-eb72b7f elementor-section-boxed elementor-section-height-default elementor-section-height-default\" data-id=\"eb72b7f\" data-element_type=\"section\" data-e-type=\"section\">\n\t\t\t\t\t\t<div class=\"elementor-container elementor-column-gap-default\">\n\t\t\t\t\t<div class=\"elementor-column elementor-col-100 elementor-top-column elementor-element elementor-element-0d39037\" data-id=\"0d39037\" data-element_type=\"column\" data-e-type=\"column\">\n\t\t\t<div class=\"elementor-widget-wrap elementor-element-populated\">\n\t\t\t\t\t\t<div class=\"elementor-element elementor-element-c82ab0c elementor-widget elementor-widget-heading\" data-id=\"c82ab0c\" data-element_type=\"widget\" data-e-type=\"widget\" data-widget_type=\"heading.default\">\n\t\t\t\t<div class=\"elementor-widget-container\">\n\t\t\t\t\t<h2 class=\"elementor-heading-title elementor-size-default\">Ayuda Kit Digital<\/h2>\t\t\t\t<\/div>\n\t\t\t\t<\/div>\n\t\t\t\t\t<\/div>\n\t\t<\/div>\n\t\t\t\t\t<\/div>\n\t\t<\/section>\n\t\t\t\t<section class=\"elementor-section elementor-top-section elementor-element elementor-element-637f90f elementor-section-boxed elementor-section-height-default elementor-section-height-default\" data-id=\"637f90f\" data-element_type=\"section\" data-e-type=\"section\">\n\t\t\t\t\t\t<div class=\"elementor-container elementor-column-gap-default\">\n\t\t\t\t\t<div class=\"elementor-column elementor-col-100 elementor-top-column elementor-element elementor-element-4333e34\" data-id=\"4333e34\" data-element_type=\"column\" data-e-type=\"column\">\n\t\t\t<div class=\"elementor-widget-wrap elementor-element-populated\">\n\t\t\t\t\t\t<div class=\"elementor-element elementor-element-5a9cd3b elementor-widget elementor-widget-image\" data-id=\"5a9cd3b\" data-element_type=\"widget\" data-e-type=\"widget\" data-widget_type=\"image.default\">\n\t\t\t\t<div class=\"elementor-widget-container\">\n\t\t\t\t\t\t\t\t\t\t\t\t\t\t\t<img fetchpriority=\"high\" decoding=\"async\" width=\"565\" height=\"159\" src=\"https:\/\/i0.wp.com\/viejaweb.femete.com.es\/wp-content\/uploads\/2022\/03\/Logo_KitDigital.png?fit=565%2C159&amp;ssl=1\" class=\"attachment-large size-large wp-image-253409\" alt=\"\" srcset=\"https:\/\/i0.wp.com\/viejaweb.femete.com.es\/wp-content\/uploads\/2022\/03\/Logo_KitDigital.png?w=565&amp;ssl=1 565w, https:\/\/i0.wp.com\/viejaweb.femete.com.es\/wp-content\/uploads\/2022\/03\/Logo_KitDigital.png?resize=300%2C84&amp;ssl=1 300w\" sizes=\"(max-width: 565px) 100vw, 565px\" \/>\t\t\t\t\t\t\t\t\t\t\t\t\t\t\t<\/div>\n\t\t\t\t<\/div>\n\t\t\t\t\t<\/div>\n\t\t<\/div>\n\t\t\t\t\t<\/div>\n\t\t<\/section>\n\t\t\t\t<section class=\"elementor-section elementor-top-section elementor-element elementor-element-fce65f1 elementor-section-boxed elementor-section-height-default elementor-section-height-default\" data-id=\"fce65f1\" data-element_type=\"section\" data-e-type=\"section\">\n\t\t\t\t\t\t<div class=\"elementor-container elementor-column-gap-default\">\n\t\t\t\t\t<div class=\"elementor-column elementor-col-100 elementor-top-column elementor-element elementor-element-78e8cc5\" data-id=\"78e8cc5\" data-element_type=\"column\" data-e-type=\"column\">\n\t\t\t<div class=\"elementor-widget-wrap elementor-element-populated\">\n\t\t\t\t\t\t<div class=\"elementor-element elementor-element-5fa8c30 elementor-widget elementor-widget-text-editor\" data-id=\"5fa8c30\" data-element_type=\"widget\" data-e-type=\"widget\" data-widget_type=\"text-editor.default\">\n\t\t\t\t<div class=\"elementor-widget-container\">\n\t\t\t\t\t\t\t\t\t<p>\u00a1Atenci\u00f3n aut\u00f3nomos\/as y pymes de 10 a 49 empleados\/as!\u00a0<\/p><p><\/p><p>\u00a1Consigue hasta 12.000\u20ac en ayudas para digitalizar tu empresa!<\/p><p><\/p><p>Invierte tu Bono Digital en implantar o mejorar:<\/p><p><\/p><p>-Sitio web y presencia en internet.<\/p><p>-Comercio electr\u00f3nico.<\/p><p>-Gesti\u00f3n de redes sociales.<\/p><p>-Gesti\u00f3n de clientes (CRM).<\/p><p>&#8211;<em>Business Intelligence<\/em> y anal\u00edtica.<\/p><p>-Gesti\u00f3n de procesos (ERP).<\/p><p>-Factura electr\u00f3nica.<\/p><p>-Servicios y herramientas de oficina virtual.<\/p><p>-Comunicaciones seguras.<\/p><p>-Ciberseguridad.<\/p><p><\/p><p><strong>Hoy\u00a015 de marzo se abre el plazo de solicitud<\/strong> para este primer segmento, empresas de 10 a 49 empleados\/as.<\/p><p><\/p><p>Desde el CIDE Digital de Femete, <strong>analizamos tu proyecto, te asesoramos sobre soluciones tecnol\u00f3gicas y te ayudamos a encontrar un proveedor tecnol\u00f3gico de confianza.<\/strong><\/p><p><\/p><p>La Red CIDE es una iniciativa de la Consejer\u00eda de Econom\u00eda, Conocimiento y Empleo del Gobierno de Canarias, impulsado por la Agencia Canaria de Investigaci\u00f3n, Innovaci\u00f3n y Sociedad de la Informaci\u00f3n (ACIISI) y cofinanciado al 85% por el Fondo Europeo de Desarrollo Regional, en el marco del programa operativo FEDER Canarias 2014-2020.<\/p>\t\t\t\t\t\t\t\t<\/div>\n\t\t\t\t<\/div>\n\t\t\t\t\t<\/div>\n\t\t<\/div>\n\t\t\t\t\t<\/div>\n\t\t<\/section>\n\t\t\t\t<section class=\"elementor-section elementor-top-section elementor-element elementor-element-74c2fdd elementor-section-boxed elementor-section-height-default elementor-section-height-default\" data-id=\"74c2fdd\" data-element_type=\"section\" data-e-type=\"section\">\n\t\t\t\t\t\t<div class=\"elementor-container elementor-column-gap-default\">\n\t\t\t\t\t<div class=\"elementor-column elementor-col-100 elementor-top-column elementor-element elementor-element-6aea7c8\" data-id=\"6aea7c8\" data-element_type=\"column\" data-e-type=\"column\">\n\t\t\t<div class=\"elementor-widget-wrap elementor-element-populated\">\n\t\t\t\t\t\t<div class=\"elementor-element elementor-element-4baade2 elementor-widget-divider--view-line elementor-widget elementor-widget-divider\" data-id=\"4baade2\" data-element_type=\"widget\" data-e-type=\"widget\" data-widget_type=\"divider.default\">\n\t\t\t\t<div class=\"elementor-widget-container\">\n\t\t\t\t\t\t\t<div class=\"elementor-divider\">\n\t\t\t<span class=\"elementor-divider-separator\">\n\t\t\t\t\t\t<\/span>\n\t\t<\/div>\n\t\t\t\t\t\t<\/div>\n\t\t\t\t<\/div>\n\t\t\t\t\t<\/div>\n\t\t<\/div>\n\t\t\t\t\t<\/div>\n\t\t<\/section>\n\t\t\t\t<section class=\"elementor-section elementor-top-section elementor-element elementor-element-1fdbbad elementor-section-boxed elementor-section-height-default elementor-section-height-default\" data-id=\"1fdbbad\" data-element_type=\"section\" data-e-type=\"section\" data-settings=\"{&quot;background_background&quot;:&quot;classic&quot;}\">\n\t\t\t\t\t\t<div class=\"elementor-container elementor-column-gap-default\">\n\t\t\t\t\t<div class=\"elementor-column elementor-col-50 elementor-top-column elementor-element elementor-element-e341439\" data-id=\"e341439\" data-element_type=\"column\" data-e-type=\"column\">\n\t\t\t<div class=\"elementor-widget-wrap elementor-element-populated\">\n\t\t\t\t\t\t<div class=\"elementor-element elementor-element-860295c elementor-widget elementor-widget-text-editor\" data-id=\"860295c\" data-element_type=\"widget\" data-e-type=\"widget\" data-widget_type=\"text-editor.default\">\n\t\t\t\t<div class=\"elementor-widget-container\">\n\t\t\t\t\t\t\t\t\t<p>Solic\u00edtanos asesoramiento GRATUITO rellenando el siguiente <strong>Formulario <\/strong>y un\/a agente especializado te llamar\u00e1 para resolver tus dudas.<\/p>\t\t\t\t\t\t\t\t<\/div>\n\t\t\t\t<\/div>\n\t\t\t\t\t<\/div>\n\t\t<\/div>\n\t\t\t\t<div class=\"elementor-column elementor-col-50 elementor-top-column elementor-element elementor-element-f2cf072\" data-id=\"f2cf072\" data-element_type=\"column\" data-e-type=\"column\">\n\t\t\t<div class=\"elementor-widget-wrap elementor-element-populated\">\n\t\t\t\t\t\t<div class=\"elementor-element elementor-element-38e5d08 elementor-widget elementor-widget-button\" data-id=\"38e5d08\" data-element_type=\"widget\" data-e-type=\"widget\" data-widget_type=\"button.default\">\n\t\t\t\t<div class=\"elementor-widget-container\">\n\t\t\t\t\t\t\t\t\t<div class=\"elementor-button-wrapper\">\n\t\t\t\t\t<a class=\"elementor-button elementor-button-link elementor-size-sm\" href=\"https:\/\/forms.gle\/S164PXppTw7FhRUeA\">\n\t\t\t\t\t\t<span class=\"elementor-button-content-wrapper\">\n\t\t\t\t\t\t\t\t\t<span class=\"elementor-button-text\">Acceder al formulario<\/span>\n\t\t\t\t\t<\/span>\n\t\t\t\t\t<\/a>\n\t\t\t\t<\/div>\n\t\t\t\t\t\t\t\t<\/div>\n\t\t\t\t<\/div>\n\t\t\t\t\t<\/div>\n\t\t<\/div>\n\t\t\t\t\t<\/div>\n\t\t<\/section>\n\t\t\t\t<section class=\"elementor-section elementor-top-section elementor-element elementor-element-47478cb elementor-section-boxed elementor-section-height-default elementor-section-height-default\" data-id=\"47478cb\" data-element_type=\"section\" data-e-type=\"section\" data-settings=\"{&quot;background_background&quot;:&quot;classic&quot;}\">\n\t\t\t\t\t\t<div class=\"elementor-container elementor-column-gap-default\">\n\t\t\t\t\t<div class=\"elementor-column elementor-col-100 elementor-top-column elementor-element elementor-element-577338c\" data-id=\"577338c\" data-element_type=\"column\" data-e-type=\"column\">\n\t\t\t<div class=\"elementor-widget-wrap elementor-element-populated\">\n\t\t\t\t\t\t<div class=\"elementor-element elementor-element-6e7349a elementor-widget elementor-widget-image\" data-id=\"6e7349a\" data-element_type=\"widget\" data-e-type=\"widget\" data-widget_type=\"image.default\">\n\t\t\t\t<div class=\"elementor-widget-container\">\n\t\t\t\t\t\t\t\t\t\t\t\t\t\t\t<img decoding=\"async\" width=\"750\" height=\"37\" src=\"https:\/\/i0.wp.com\/viejaweb.femete.com.es\/wp-content\/uploads\/2022\/03\/Logo_Agrupados-1.png?fit=750%2C37&amp;ssl=1\" class=\"attachment-large size-large wp-image-253468\" alt=\"\" srcset=\"https:\/\/i0.wp.com\/viejaweb.femete.com.es\/wp-content\/uploads\/2022\/03\/Logo_Agrupados-1.png?w=2889&amp;ssl=1 2889w, https:\/\/i0.wp.com\/viejaweb.femete.com.es\/wp-content\/uploads\/2022\/03\/Logo_Agrupados-1.png?resize=300%2C15&amp;ssl=1 300w, https:\/\/i0.wp.com\/viejaweb.femete.com.es\/wp-content\/uploads\/2022\/03\/Logo_Agrupados-1.png?resize=1024%2C51&amp;ssl=1 1024w, https:\/\/i0.wp.com\/viejaweb.femete.com.es\/wp-content\/uploads\/2022\/03\/Logo_Agrupados-1.png?resize=768%2C38&amp;ssl=1 768w, https:\/\/i0.wp.com\/viejaweb.femete.com.es\/wp-content\/uploads\/2022\/03\/Logo_Agrupados-1.png?resize=1536%2C77&amp;ssl=1 1536w, https:\/\/i0.wp.com\/viejaweb.femete.com.es\/wp-content\/uploads\/2022\/03\/Logo_Agrupados-1.png?resize=2048%2C102&amp;ssl=1 2048w, https:\/\/i0.wp.com\/viejaweb.femete.com.es\/wp-content\/uploads\/2022\/03\/Logo_Agrupados-1.png?resize=600%2C30&amp;ssl=1 600w, https:\/\/i0.wp.com\/viejaweb.femete.com.es\/wp-content\/uploads\/2022\/03\/Logo_Agrupados-1.png?w=2250&amp;ssl=1 2250w\" sizes=\"(max-width: 750px) 100vw, 750px\" \/>\t\t\t\t\t\t\t\t\t\t\t\t\t\t\t<\/div>\n\t\t\t\t<\/div>\n\t\t\t\t\t<\/div>\n\t\t<\/div>\n\t\t\t\t\t<\/div>\n\t\t<\/section>\n\t\t\t\t<\/div>\n\t\t","protected":false},"excerpt":{"rendered":"<p>Ayuda Kit Digital \u00a1Atenci\u00f3n aut\u00f3nomos\/as y pymes de 10 a 49 empleados\/as!\u00a0 \u00a1Consigue hasta 12.000\u20ac en ayudas para digitalizar tu empresa! Invierte tu Bono Digital en implantar o mejorar: -Sitio web y presencia en internet. -Comercio electr\u00f3nico. -Gesti\u00f3n de redes sociales. -Gesti\u00f3n de clientes (CRM). &#8211;Business Intelligence y anal\u00edtica. -Gesti\u00f3n<a class=\"moretag\" href=\"https:\/\/viejaweb.femete.com.es\/?page_id=253390\"> Leer m\u00e1s<\/a><\/p>\n","protected":false},"author":1,"featured_media":0,"parent":0,"menu_order":0,"comment_status":"closed","ping_status":"closed","template":"page-templates\/template-pagebuilder-full-width.php","meta":{"footnotes":""},"class_list":["post-253390","page","type-page","status-publish","hentry"],"jetpack_sharing_enabled":true,"jetpack_shortlink":"https:\/\/wp.me\/P9F20n-13UW","_links":{"self":[{"href":"https:\/\/viejaweb.femete.com.es\/index.php?rest_route=\/wp\/v2\/pages\/253390","targetHints":{"allow":["GET"]}}],"collection":[{"href":"https:\/\/viejaweb.femete.com.es\/index.php?rest_route=\/wp\/v2\/pages"}],"about":[{"href":"https:\/\/viejaweb.femete.com.es\/index.php?rest_route=\/wp\/v2\/types\/page"}],"author":[{"embeddable":true,"href":"https:\/\/viejaweb.femete.com.es\/index.php?rest_route=\/wp\/v2\/users\/1"}],"replies":[{"embeddable":true,"href":"https:\/\/viejaweb.femete.com.es\/index.php?rest_route=%2Fwp%2Fv2%2Fcomments&post=253390"}],"version-history":[{"count":0,"href":"https:\/\/viejaweb.femete.com.es\/index.php?rest_route=\/wp\/v2\/pages\/253390\/revisions"}],"wp:attachment":[{"href":"https:\/\/viejaweb.femete.com.es\/index.php?rest_route=%2Fwp%2Fv2%2Fmedia&parent=253390"}],"curies":[{"name":"wp","href":"https:\/\/api.w.org\/{rel}","templated":true}]}}