{"id":575,"date":"2017-10-09T10:11:02","date_gmt":"2017-10-09T09:11:02","guid":{"rendered":"http:\/\/wordpress.femete.com.es\/?page_id=575"},"modified":"2018-06-14T10:41:15","modified_gmt":"2018-06-14T10:41:15","slug":"asesoria-laboral-fiscal-y-contable","status":"publish","type":"page","link":"https:\/\/viejaweb.femete.com.es\/?page_id=575","title":{"rendered":"Asesor\u00eda laboral, fiscal y contable"},"content":{"rendered":"<div class=\"osc-res-tab tabbable   osc-tabs-left\"><div style=\"clear:both;width: 100%;\"><ul class=\"nav osc-res-nav nav-tabs osc-tabs-left-ul\" id=\"oscitas-restabs-1-asesoria-laboral-fiscal-y-contable-31016\"><li class=\"active\"><a href=\"#ert_pane1-0\" data-toggle=\"tab\">Laboral<\/a><\/li><li class=\"\"><a href=\"#ert_pane1-1\" data-toggle=\"tab\">Gesti\u00f3n contable<\/a><\/li><li class=\"\"><a href=\"#ert_pane1-2\" data-toggle=\"tab\">Gesti\u00f3n fiscal<\/a><\/li><li class=\"\"><a href=\"#ert_pane1-3\" data-toggle=\"tab\">Tabla de precios<\/a><\/li><\/ul><\/div><div style=\"clear:both;width: 100%;\"><ul class=\"tab-content\" id=\"oscitas-restabcontent-1-asesoria-laboral-fiscal-y-contable-31016\"><li class=\"tab-pane active\" id=\"ert_pane1-0\">Los servicios profesionales de Asesoramiento y Gesti\u00f3n Laboral que se desarrollan son:<\/p>\n<ul>\n<li>Orientaci\u00f3n y direcci\u00f3n en el montaje de la n\u00f3mina, posterior mecanizaci\u00f3n y env\u00edo en PDF.<\/li>\n<li>Revisi\u00f3n de porcentajes de retenci\u00f3n a los trabajadores (IRPF).<\/li>\n<li>Remisi\u00f3n electr\u00f3nica de movimientos de afiliaci\u00f3n a la Seguridad Social.<\/li>\n<li>Confecci\u00f3n de TC1 y TC2, posterior env\u00edo y recepci\u00f3n al sistema RED (Remisi\u00f3n Electr\u00f3nica de Datos) de la Seguridad Social.<\/li>\n<li>Elaboraci\u00f3n y redacci\u00f3n de contratos de trabajo, pr\u00f3rrogas y preavisos.<\/li>\n<li>Registro de contratos de trabajo y pr\u00f3rrogas en el Servicio Canario de Empleo por Internet.<\/li>\n<li>Revisi\u00f3n de vencimientos de contratos, antig\u00fcedades, IRPF, IT, accidentes, etc.<\/li>\n<li>Remisi\u00f3n electr\u00f3nica a la Seguridad Social de partes de enfermedad y\/o accidente.<\/li>\n<li>Cumplimentaci\u00f3n y env\u00edo a la Mutua de partes de accidentes de trabajo y enfermedad profesional por v\u00eda telem\u00e1tica.<\/li>\n<li>C\u00e1lculo de liquidaciones y finiquitos del personal.<\/li>\n<li>Elaboraci\u00f3n de resumen mensual y\/o trimestral de retenciones a cuenta de IRPF (Modelo 111).<\/li>\n<li>Elaboraci\u00f3n de resumen anual de retenciones (Modelo 190).<\/li>\n<li>Emisi\u00f3n de los certificados de retenci\u00f3n de los trabajadores.<\/li>\n<li>Documentaci\u00f3n para desempleo a los trabajadores.<\/li>\n<li>Estudio y redacci\u00f3n de cartas de sanci\u00f3n y despidos.<\/li>\n<li>Atenci\u00f3n personalizada para consultas en materia laboral.<\/li>\n<li>Interpretaci\u00f3n de convenios colectivos.<\/li>\n<li>Representaci\u00f3n de la empresa ante los distintos organismos p\u00fablicos.<\/li>\n<\/ul>\n<p><\/li><li class=\"tab-pane \" id=\"ert_pane1-1\">Los servicios profesionales de Asesoramiento y Gesti\u00f3n Contable que se desarrollan son:<\/p>\n<ul>\n<li>Mecanizaci\u00f3n de asientos.<\/li>\n<li>Gesti\u00f3n de cartera de efectos.<\/li>\n<li>Gesti\u00f3n del IGIC.<\/li>\n<li>Gesti\u00f3n del Inmovilizado.<\/li>\n<li>Conciliaci\u00f3n de cuentas bancarias.<\/li>\n<li>Elaboraci\u00f3n de estados financieros.<\/li>\n<li>Informes de resultados.<\/li>\n<li>An\u00e1lisis de balances.<\/li>\n<li>Importaci\u00f3n\/exportaci\u00f3n de datos.<\/li>\n<li>Exportaci\u00f3n de listado a Microsoft Excel, Word y PDF.<\/li>\n<li>Atenci\u00f3n personalizada para consultas en materia Contable.<\/li>\n<\/ul>\n<p><\/li><li class=\"tab-pane \" id=\"ert_pane1-2\"><\/p>\n<p>Los servicios profesionales de Asesoramiento y Gesti\u00f3n Fiscal que se desarrollan son:<\/p>\n<p><strong>Elaboraci\u00f3n y presentaci\u00f3n tanto por remisi\u00f3n electr\u00f3nica como en formato f\u00edsico, de las declaraciones y\/o liquidaciones mensuales\/trimestrales de los siguientes impuestos:<\/strong><\/p>\n<ul>\n<li>Modelo 420-421. Liquidaci\u00f3n del Impuesto General Indirecto Canario.<\/li>\n<li>Modelo 115. Retenciones e ingresos a cuenta. Rentas o rendimientos procedentes del arrendamiento o subarrendamiento de inmuebles urbanos.<\/li>\n<li>Modelo 130-131. Pagos fraccionados del Impuesto sobre la Renta de las Personas F\u00edsicas para Empresarios y\/o Profesionales.<\/li>\n<li>Modelo 202. Pago fraccionado. Impuesto sobre sociedades.<\/li>\n<\/ul>\n<p><strong>Elaboraci\u00f3n de los res\u00famenes y\/o liquidaciones anuales de los siguientes impuestos:<\/strong><\/p>\n<ul>\n<li>Modelo 180. Resumen anual de las retenciones e ingresos a cuenta procedentes del arrendamiento de inmuebles Urbanos.<\/li>\n<li>Certificado de retenciones e Ingresos a cuenta de rendimientos procedentes del arrendamiento de inmuebles urbanos.<\/li>\n<li>Modelo 425. Declaraci\u00f3n-resumen anual del Impuesto General Indirecto Canario.<\/li>\n<li>Modelo 347-415. Declaraci\u00f3n anual informativa de operaciones con terceras personas.<\/li>\n<li>Legalizaci\u00f3n de libros contables.<\/li>\n<li>Modelo 100. Impuesto sobre la Renta de las Personas F\u00edsicas en caso de empresario individual.<\/li>\n<li>Modelo 200. Impuesto sobre sociedades.<\/li>\n<li>Confecci\u00f3n y dep\u00f3sito de Cuentas Anuales, Memoria e Informe de Gesti\u00f3n.<\/li>\n<li>Atenci\u00f3n personalizada para consultas en materia fiscal.<\/li>\n<li>Requerimientos e inspecciones.<\/li>\n<\/ul>\n<p><\/li><li class=\"tab-pane \" id=\"ert_pane1-3\"><\/p>\n<table width=\"631\" height=\"1100\">\n<tbody>\n<tr>\n<td colspan=\"3\" width=\"644\"><strong>TARIFAS DE PRECIOS ASESORIA LABORAL, FISCAL Y CONTABLE<\/strong><\/td>\n<\/tr>\n<tr>\n<td width=\"298\"><\/td>\n<td width=\"194\"><strong>LABORAL<\/strong><\/td>\n<td width=\"152\"><strong>\u00a0 \u00a0 \u00a0 \u00a0 \u00a0 \u00a0 SOLO FISCAL<\/strong><\/td>\n<\/tr>\n<tr>\n<td width=\"298\">Empresas de 0 a 5 trabajadores<\/td>\n<td width=\"194\">20 \u20ac<\/td>\n<td width=\"152\">\u00a0 \u00a0 \u00a0 \u00a0 \u00a0 \u00a0 20 \u20ac \/ trimestre<\/td>\n<\/tr>\n<tr>\n<td width=\"298\">A partir de 6 trabajadores<\/td>\n<td width=\"194\">\u00a010 \u20ac a partir del sexto trabajador<\/td>\n<td width=\"152\">\u00a0\u00a0\u00a0\u00a0\u00a0\u00a0\u00a0\u00a0\u00a0\u00a0\u00a0 20 \u20ac \/ trimestre<\/td>\n<\/tr>\n<tr>\n<td colspan=\"3\" width=\"644\"><\/td>\n<\/tr>\n<tr>\n<td width=\"298\"><\/td>\n<td width=\"194\"><\/td>\n<td width=\"152\"><\/td>\n<\/tr>\n<tr>\n<td colspan=\"3\" width=\"644\"><strong>TARIFA DE PRECIOS PARA CUANDO CONTRATEN CONTABLE Y FISCAL<\/strong><\/td>\n<\/tr>\n<tr>\n<td colspan=\"2\" width=\"492\">Hasta 100 asientos al mes (1200 asientos al a\u00f1o)<\/td>\n<td width=\"152\">\u00a0\u00a0\u00a0\u00a0\u00a0\u00a0\u00a0\u00a0\u00a0\u00a0\u00a0\u00a0\u00a0\u00a0\u00a0\u00a0\u00a0\u00a0\u00a0\u00a0\u00a0\u00a0\u00a0\u00a0\u00a0\u00a0\u00a0\u00a0\u00a0\u00a0\u00a0 60,00 \u20ac<\/td>\n<\/tr>\n<tr>\n<td colspan=\"2\" width=\"492\">Hasta 250 asientos al mes (3000 asientos al a\u00f1o)<\/td>\n<td width=\"152\">\u00a0\u00a0\u00a0\u00a0\u00a0\u00a0\u00a0\u00a0\u00a0\u00a0\u00a0\u00a0\u00a0\u00a0\u00a0\u00a0\u00a0\u00a0\u00a0\u00a0\u00a0\u00a0\u00a0\u00a0\u00a0\u00a0\u00a0\u00a0\u00a0\u00a0\u00a0 85,00 \u20ac<\/td>\n<\/tr>\n<tr>\n<td width=\"298\">Hasta 450 asientos al mes (5400 asientos al a\u00f1o)<\/td>\n<td width=\"194\"><\/td>\n<td width=\"152\">\u00a0\u00a0\u00a0\u00a0\u00a0\u00a0\u00a0\u00a0\u00a0\u00a0\u00a0\u00a0\u00a0\u00a0\u00a0\u00a0\u00a0\u00a0\u00a0\u00a0\u00a0\u00a0\u00a0\u00a0\u00a0\u00a0\u00a0\u00a0 150,00 \u20ac<\/td>\n<\/tr>\n<tr>\n<td colspan=\"2\" width=\"492\">Hasta 600 asientos al mes (7200 asientos al a\u00f1o)<\/td>\n<td width=\"152\">\u00a0\u00a0\u00a0\u00a0\u00a0\u00a0\u00a0\u00a0\u00a0\u00a0\u00a0\u00a0\u00a0\u00a0\u00a0\u00a0\u00a0\u00a0\u00a0\u00a0\u00a0\u00a0\u00a0\u00a0\u00a0\u00a0\u00a0\u00a0 200,00 \u20ac<\/td>\n<\/tr>\n<tr>\n<td width=\"298\">Hasta 750 asientos al mes (9000 asientos al a\u00f1o)<\/td>\n<td width=\"194\"><\/td>\n<td width=\"152\">\u00a0\u00a0\u00a0\u00a0\u00a0\u00a0\u00a0\u00a0\u00a0\u00a0\u00a0\u00a0\u00a0\u00a0\u00a0\u00a0\u00a0\u00a0\u00a0\u00a0\u00a0\u00a0\u00a0\u00a0\u00a0\u00a0\u00a0\u00a0 250,00 \u20ac<\/td>\n<\/tr>\n<tr>\n<td width=\"298\">Hasta 900 asientos al mes (10800 asientos al a\u00f1o)<\/td>\n<td width=\"194\"><\/td>\n<td width=\"152\">\u00a0\u00a0\u00a0\u00a0\u00a0\u00a0\u00a0\u00a0\u00a0\u00a0\u00a0\u00a0\u00a0\u00a0\u00a0\u00a0\u00a0\u00a0\u00a0\u00a0\u00a0\u00a0\u00a0\u00a0\u00a0\u00a0\u00a0\u00a0 300,00 \u20ac<\/td>\n<\/tr>\n<tr>\n<td colspan=\"2\" width=\"492\">* A partir de 900 asientos al mes, precio a consulta<\/td>\n<td width=\"152\"><\/td>\n<\/tr>\n<\/tbody>\n<\/table>\n<p><\/li><\/ul><\/div><\/div>\n<p>Si desea recibir m\u00e1s informaci\u00f3n sobre este nuevo servicio, no dude en ponerse en contacto con nosotros a trav\u00e9s del <strong>922 29 67 00<\/strong>\u00a0y le realizaremos un presupuesto personalizado.<\/p>\n","protected":false},"excerpt":{"rendered":"<p>Si desea recibir m\u00e1s informaci\u00f3n sobre este nuevo servicio, no dude en ponerse en contacto con nosotros a trav\u00e9s del 922 29 67 00\u00a0y le realizaremos un presupuesto personalizado.<\/p>\n","protected":false},"author":1,"featured_media":1700,"parent":1155,"menu_order":0,"comment_status":"closed","ping_status":"closed","template":"","meta":{"footnotes":""},"class_list":["post-575","page","type-page","status-publish","has-post-thumbnail","hentry"],"jetpack_sharing_enabled":true,"jetpack_shortlink":"https:\/\/wp.me\/P9F20n-9h","_links":{"self":[{"href":"https:\/\/viejaweb.femete.com.es\/index.php?rest_route=\/wp\/v2\/pages\/575","targetHints":{"allow":["GET"]}}],"collection":[{"href":"https:\/\/viejaweb.femete.com.es\/index.php?rest_route=\/wp\/v2\/pages"}],"about":[{"href":"https:\/\/viejaweb.femete.com.es\/index.php?rest_route=\/wp\/v2\/types\/page"}],"author":[{"embeddable":true,"href":"https:\/\/viejaweb.femete.com.es\/index.php?rest_route=\/wp\/v2\/users\/1"}],"replies":[{"embeddable":true,"href":"https:\/\/viejaweb.femete.com.es\/index.php?rest_route=%2Fwp%2Fv2%2Fcomments&post=575"}],"version-history":[{"count":0,"href":"https:\/\/viejaweb.femete.com.es\/index.php?rest_route=\/wp\/v2\/pages\/575\/revisions"}],"up":[{"embeddable":true,"href":"https:\/\/viejaweb.femete.com.es\/index.php?rest_route=\/wp\/v2\/pages\/1155"}],"wp:featuredmedia":[{"embeddable":true,"href":"https:\/\/viejaweb.femete.com.es\/index.php?rest_route=\/wp\/v2\/media\/1700"}],"wp:attachment":[{"href":"https:\/\/viejaweb.femete.com.es\/index.php?rest_route=%2Fwp%2Fv2%2Fmedia&parent=575"}],"curies":[{"name":"wp","href":"https:\/\/api.w.org\/{rel}","templated":true}]}}