{"id":6316,"date":"2019-08-06T11:02:49","date_gmt":"2019-08-06T11:02:49","guid":{"rendered":"https:\/\/femete.com.es\/?page_id=6316"},"modified":"2021-03-05T11:29:56","modified_gmt":"2021-03-05T11:29:56","slug":"agencia-de-colocacion","status":"publish","type":"page","link":"https:\/\/viejaweb.femete.com.es\/?page_id=6316","title":{"rendered":"Agencia de colocaci\u00f3n"},"content":{"rendered":"\t\t<div data-elementor-type=\"wp-page\" data-elementor-id=\"6316\" class=\"elementor elementor-6316\" data-elementor-post-type=\"page\">\n\t\t\t\t\t\t<section class=\"elementor-section elementor-top-section elementor-element elementor-element-ac125fb elementor-section-boxed elementor-section-height-default elementor-section-height-default\" data-id=\"ac125fb\" data-element_type=\"section\" data-e-type=\"section\">\n\t\t\t\t\t\t<div class=\"elementor-container elementor-column-gap-default\">\n\t\t\t\t\t<div class=\"elementor-column elementor-col-100 elementor-top-column elementor-element elementor-element-386e79d\" data-id=\"386e79d\" data-element_type=\"column\" data-e-type=\"column\">\n\t\t\t<div class=\"elementor-widget-wrap elementor-element-populated\">\n\t\t\t\t\t\t<div class=\"elementor-element elementor-element-bdcf0c5 elementor-widget elementor-widget-heading\" data-id=\"bdcf0c5\" data-element_type=\"widget\" data-e-type=\"widget\" data-widget_type=\"heading.default\">\n\t\t\t\t<div class=\"elementor-widget-container\">\n\t\t\t\t\t<h2 class=\"elementor-heading-title elementor-size-default\">Agencia de colocaci\u00f3n<\/h2>\t\t\t\t<\/div>\n\t\t\t\t<\/div>\n\t\t\t\t\t<\/div>\n\t\t<\/div>\n\t\t\t\t\t<\/div>\n\t\t<\/section>\n\t\t\t\t<section class=\"elementor-section elementor-top-section elementor-element elementor-element-4e713d40 elementor-section-boxed elementor-section-height-default elementor-section-height-default\" data-id=\"4e713d40\" data-element_type=\"section\" data-e-type=\"section\">\n\t\t\t\t\t\t<div class=\"elementor-container elementor-column-gap-default\">\n\t\t\t\t\t<div class=\"elementor-column elementor-col-100 elementor-top-column elementor-element elementor-element-50cd0af3\" data-id=\"50cd0af3\" data-element_type=\"column\" data-e-type=\"column\">\n\t\t\t<div class=\"elementor-widget-wrap elementor-element-populated\">\n\t\t\t\t\t\t<div class=\"elementor-element elementor-element-29b89334 elementor-widget elementor-widget-text-editor\" data-id=\"29b89334\" data-element_type=\"widget\" data-e-type=\"widget\" data-widget_type=\"text-editor.default\">\n\t\t\t\t<div class=\"elementor-widget-container\">\n\t\t\t\t\t\t\t\t\t<p><\/p>\n<p><\/p>\n<p><\/p>\n<p>\u00bfTe dedicas al sector del metal y las nuevas tecnolog\u00edas, y no encuentras una oferta que se adapte a tu perfil? Accede a nuestra Agencia de Colocaci\u00f3n autorizada y forma parte de ella<\/p>\n<p><\/p>\n<p><\/p>\n<p><\/p>\t\t\t\t\t\t\t\t<\/div>\n\t\t\t\t<\/div>\n\t\t\t\t\t<\/div>\n\t\t<\/div>\n\t\t\t\t\t<\/div>\n\t\t<\/section>\n\t\t\t\t<section class=\"elementor-section elementor-top-section elementor-element elementor-element-939e727 elementor-section-boxed elementor-section-height-default elementor-section-height-default\" data-id=\"939e727\" data-element_type=\"section\" data-e-type=\"section\">\n\t\t\t\t\t\t<div class=\"elementor-container elementor-column-gap-default\">\n\t\t\t\t\t<div class=\"elementor-column elementor-col-100 elementor-top-column elementor-element elementor-element-5bd5a5d\" data-id=\"5bd5a5d\" data-element_type=\"column\" data-e-type=\"column\">\n\t\t\t<div class=\"elementor-widget-wrap elementor-element-populated\">\n\t\t\t\t\t\t<div class=\"elementor-element elementor-element-39465a7 elementor-widget elementor-widget-shortcode\" data-id=\"39465a7\" data-element_type=\"widget\" data-e-type=\"widget\" data-widget_type=\"shortcode.default\">\n\t\t\t\t<div class=\"elementor-widget-container\">\n\t\t\t\t\t\t\t<div class=\"elementor-shortcode\">[contact-form-7 id=\"18997\" title=\"\u00bfBuscas empleo?\"]<\/div>\n\t\t\t\t\t\t<\/div>\n\t\t\t\t<\/div>\n\t\t\t\t\t<\/div>\n\t\t<\/div>\n\t\t\t\t\t<\/div>\n\t\t<\/section>\n\t\t\t\t<section class=\"elementor-section elementor-top-section elementor-element elementor-element-3d743e8 elementor-section-boxed elementor-section-height-default elementor-section-height-default\" data-id=\"3d743e8\" data-element_type=\"section\" data-e-type=\"section\">\n\t\t\t\t\t\t<div class=\"elementor-container elementor-column-gap-default\">\n\t\t\t\t\t<div class=\"elementor-column elementor-col-100 elementor-top-column elementor-element elementor-element-6794ecb\" data-id=\"6794ecb\" data-element_type=\"column\" data-e-type=\"column\">\n\t\t\t<div class=\"elementor-widget-wrap elementor-element-populated\">\n\t\t\t\t\t\t<div class=\"elementor-element elementor-element-1d47d08 elementor-alert-info elementor-widget elementor-widget-alert\" data-id=\"1d47d08\" data-element_type=\"widget\" data-e-type=\"widget\" data-widget_type=\"alert.default\">\n\t\t\t\t<div class=\"elementor-widget-container\">\n\t\t\t\t\t\t\t<div class=\"elementor-alert\" role=\"alert\">\n\n\t\t\t\t\t\t<span class=\"elementor-alert-title\">Pol\u00edtica de privacidad<\/span>\n\t\t\t\n\t\t\t\t\t\t<span class=\"elementor-alert-description\">Femete para proteger los derechos individuales, sobre todo en relaci\u00f3n con los tratamientos automatizados y con voluntad de ser transparentes con el Usuario, ha establecido una pol\u00edtica que recoge el conjunto de dichos tratamientos, los fines perseguidos por estos \u00faltimos, la legitimidad de los mismos y tambi\u00e9n los instrumentos a disposici\u00f3n del Usuario para que pueda ejercer sus derechos.\n\nLa navegaci\u00f3n en este sitio web implica la total aceptaci\u00f3n de las siguientes disposiciones y condiciones de utilizaci\u00f3n. Se aceptar\u00e1 la utilizaci\u00f3n de cookies. En caso de no estar de acuerdo env\u00eda un correo electr\u00f3nico a femete@femete.es\n\nLa versi\u00f3n actualizada de esta pol\u00edtica de privacidad es la \u00fanica aplicable durante la duraci\u00f3n del uso del sitio web hasta que no haya otra versi\u00f3n que la sustituya.\n\nEl Usuario que facilite datos personales a trav\u00e9s de esta p\u00e1gina web queda informado de su incorporaci\u00f3n a los ficheros de femete.es. El TITULAR est\u00e1 obligado a la llevanza de un registro de los tratamientos realizados a esos datos que debe llevar actualizados. (Antes del 25 de mayo de 2018 estos ficheros se pod\u00edan encontrar adecuadamente inscritos en el registro de la Agencia de Protecci\u00f3n de Datos).\n\nPara una m\u00e1s informaci\u00f3n complementaria sobre la protecci\u00f3n de datos personales te invitamos a consultar la p\u00e1gina web de la AEPD (Agencia Espa\u00f1ola de Protecci\u00f3n de Datos) https:\/\/www.agpd.es\/portalwebAGPD\/index-ides-idphp.php\n\nRecogida de datos\n\nTus datos son recogidos por el TITULAR.\n\nUn dato de car\u00e1cter personal se refiere a toda la informaci\u00f3n referida a una persona f\u00edsica identificada o identificable (persona afectada). Se entiende como identificable una persona que pueda ser identificada, directa o indirectamente, sobre todo por referencia a un nombre, un n\u00famero de identificaci\u00f3n (DNI, NIF, NIE, pasaporte) o a uno o varios elementos espec\u00edficos, propios a su identidad f\u00edsica, fisiol\u00f3gica, gen\u00e9tica, ps\u00edquica, econ\u00f3mica, cultural o social.\n\n\u00bfQu\u00e9 datos personales recogemos y por qu\u00e9 los recogemos?\n\nComentarios: Cuando los visitantes dejan comentarios en la web, recopilamos los datos que se muestran en el formulario de comentarios, as\u00ed como la direcci\u00f3n IP del visitante y la cadena de agentes de usuario del navegador para ayudar a la detecci\u00f3n de spam.\n\nUna cadena an\u00f3nima creada a partir de tu direcci\u00f3n de correo electr\u00f3nico (tambi\u00e9n llamada hash) puede ser proporcionada al servicio de Gravatar para ver si la est\u00e1s usando. La pol\u00edtica de privacidad del servicio Gravatar est\u00e1 disponible aqu\u00ed: https:\/\/automattic.com\/privacy\/. Despu\u00e9s de la aprobaci\u00f3n de tu comentario, la imagen de tu perfil es visible para el p\u00fablico en el contexto de su comentario.\n\nMedios: Si subes im\u00e1genes, documentos a la web deber\u00edas evitar subir im\u00e1genes con datos de ubicaci\u00f3n (GPS EXIF) incluidos. \n\nFormularios de contacto: En los formularios de contacto femete.es recoge tu nombre, email para facilitar la respuesta a tus dudas y sugerencias.\n\nCookies: Si dejas un comentario en nuestro sitio puedes elegir guardar tu nombre, direcci\u00f3n de correo electr\u00f3nico y web en cookies. Esto es para tu comodidad, para que no tengas que volver a rellenar tus datos cuando dejes otro comentario. Estas cookies tendr\u00e1n una duraci\u00f3n de un a\u00f1o.\n\nSi tienes una cuenta y te conectas a este sitio, instalaremos una cookie temporal para determinar si tu navegador acepta cookies. Esta cookie no contiene datos personales y se elimina al cerrar el navegador.\n\nCuando inicias sesi\u00f3n, tambi\u00e9n instalaremos varias cookies para guardar tu informaci\u00f3n de inicio de sesi\u00f3n y tus opciones de visualizaci\u00f3n de pantalla. Las cookies de inicio de sesi\u00f3n duran dos d\u00edas, y las cookies de opciones de pantalla duran un a\u00f1o. Si seleccionas \u00abRecordarme\u00bb, tu inicio de sesi\u00f3n perdurar\u00e1 durante dos semanas. Si sales de tu cuenta, las cookies de inicio de sesi\u00f3n se eliminar\u00e1n.\n\nSi editas o publicas un art\u00edculo se guardar\u00e1 una cookie adicional en tu navegador. Esta cookie no incluye datos personales y simplemente indica el ID del art\u00edculo que acabas de editar. Caduca despu\u00e9s de 1 d\u00eda.\n\nAnalytics: femete.es utliiza Google Analytics para recoger informaci\u00f3n sobre:\n\nEl n\u00famero de visitas\n\nLa duraci\u00f3n de las mismas\n\nLas fuentes de tr\u00e1fico\n\nLas p\u00e1ginas visitadas\n\n\u00bfCon qu\u00e9 finalidad se tratan tus datos personales?\n\nLa finalidad del tratamiento de los datos personales que se puedan recoger son usarlos principalmente por el TITULAR para la gesti\u00f3n de su relaci\u00f3n contigo, poder ofrecerte productos y servicios de acuerdo con tus intereses, mejorar tu experiencia de usuario y en su caso, para el tratamiento de sus solicitudes, peticiones o pedidos. Se elaborar\u00e1 un perfil comercial en base a la informaci\u00f3n que le facilites.\n\nLos datos proporcionados se conservar\u00e1n mientras se mantenga la relaci\u00f3n comercial, siempre que no se solicite por el interesado su supresi\u00f3n, o durante los a\u00f1os necesarios para cumplir las obligaciones legales.\n\nSe registrar\u00e1n en el fichero de cliente y su tratamiento quedar\u00e1 registrado en el registro de tratamientos que debe llevar el TITULAR (antes del 25 de mayo de 2018 tambi\u00e9n podr\u00eda estar incluido en el fichero elaborado con los datos personales registrado en la AEPD (Agencia Espa\u00f1ola de Protecci\u00f3n de datos) u \u00f3rgano competente de las respectiva Comunidad Aut\u00f3noma). El nombre del fichero es el siguiente: db378660905\n\n\u00bfCu\u00e1l es la legitimaci\u00f3n para el tratamiento de tus datos?\n\nLa base legal para el tratamiento de tus datos personales es:\n\n\u2013 La correcta ejecuci\u00f3n o cumplimiento del contrato\n\n\u2013 El inter\u00e9s leg\u00edtimo del TITULAR\n\n\u2013 El consentimiento del usuario o cliente para el tratamiento de sus datos\n\n\u2013 El cumplimiento de una obligaci\u00f3n legal: REGLAMENTO (UE) 2016\/679 DEL PARLAMENTO EUROPEO Y DEL CONSEJO de 27 de abril de 2016\n\n\u00bfA qu\u00e9 destinatarios se comunicar\u00e1n los datos?\n\nLos datos personales del Usuario podr\u00e1n eventualmente ser comunicados a terceros relacionados con el TITULAR por contrato para la realizaci\u00f3n de las tareas necesarias para la gesti\u00f3n de su cuenta como cliente y sin que tenga que dar su autorizaci\u00f3n.\n\nTambi\u00e9n cuando tuvieran que hacerse comunicaciones a las autoridades en caso de que el Usuario hubiera realizado acciones contrarias a la Ley o incumplido el contenido del aviso legal.\n\nLos datos del Usuario podr\u00e1n comunicarse a otras empresas del grupo, si las hubiese, para fines administrativos internos que podr\u00edan suponer un tratamiento de esos datos.\n\nLos datos personales del Usuario podr\u00e1n transferirse a un tercer pa\u00eds o a una organizaci\u00f3n internacional, pero se le deber\u00e1 informar cuando se vaya a producir esa transferencia, y de las condiciones de la misma y del destinatario.\n\nCuando algunos datos sean obligatorios para acceder a funcionalidades concretas del sitio web, el TITULAR indicar\u00e1 dicho car\u00e1cter obligatorio en el momento de la recogida de datos del Usuario.\n\nDerechos del usuario\n\nSe informa al usuario de la posibilidad de ejercer sus derechos de acceso, rectificaci\u00f3n, cancelaci\u00f3n y oposici\u00f3n. Tambi\u00e9n cada persona dispone del derecho de limitaci\u00f3n del tratamiento relativo a su persona, de un derecho de eliminaci\u00f3n de transferencia de datos personales transmitidos al responsable del tratamiento y del derecho a la portabilidad de sus datos.\n\nEl usuario tiene la posibilidad de presentar una reclamaci\u00f3n ante la AEPD (Agencia Espa\u00f1ola de Protecci\u00f3n de Datos) u organismo competente de la respectiva Comunidad Aut\u00f3noma, cuando no haya obtenido una soluci\u00f3n satisfactoria en el ejercicio de sus derechos mediante un escrito dirigido a la misma.\n\nSalvo que el Usuario se oponga, enviando un email a la direcci\u00f3n de correo electr\u00f3nico femete@femete.es, sus datos podr\u00e1n ser utilizados, en su caso, si procede, para el env\u00edo de informaci\u00f3n comercial de Federaci\u00f3n provincial de empresas del metal y nuevas tecnolog\u00edas de Santa Cruz de Tenerife (FEMETE).\n\nLos datos proporcionados se conservar\u00e1n mientras se mantenga la relaci\u00f3n comercial o durante los a\u00f1os necesarios para cumplir las obligaciones legales.\n\nEl Usuario es responsable de que la informaci\u00f3n que proporcione a trav\u00e9s de esta p\u00e1gina web sea cierta, respondiendo de la exactitud de todos los datos que comunique y mantendr\u00e1 actualizada la misma para que reflejen una situaci\u00f3n real, siendo responsable de informaciones falsas o inexactas que proporcione y de los da\u00f1os, molestias y problemas que pudieran causar a Federaci\u00f3n provincial de empresas del metal y nuevas tecnolog\u00edas de Santa Cruz de Tenerife (FEMETE) o a terceros.\n\nEsa informaci\u00f3n ser\u00e1 guardada y gestionada con la debida confidencialidad, aplicando las medidas de seguridad inform\u00e1tica necesarias para impedir el acceso o uso indebido de sus datos, su manipulaci\u00f3n, deterioro o p\u00e9rdida.\n\nNo obstante, el Usuario debe tener en cuenta que la seguridad de los sistemas inform\u00e1ticos nunca es absoluta. Cuando se facilitan datos personales por internet, dicha informaci\u00f3n pudiera ser recogida sin su consentimiento y tratada por terceros no autorizados. Federaci\u00f3n provincial de empresas del metal y nuevas tecnolog\u00edas de Santa Cruz de Tenerife (FEMETE) declina, cualquier tipo de responsabilidad sobre las consecuencias de esos actos puedan tener para el Usuario, si public\u00f3 la informaci\u00f3n voluntariamente.\n\nPodr\u00e1 acceder y ejercitar esos derechos mediante solicitud por escrito y firmada que podr\u00e1 ser enviada al domicilio Calle Mazo, n\u00ba7 Pol Industrial de Los Majuelos. San Crist\u00f3bal de La Laguna, adjuntando fotocopia del DNI o documento equivalente.\n\nTambi\u00e9n podr\u00e1 ser enviada la solicitud al siguiente correo electr\u00f3nico: femete@femete.es\n\nEstos derechos ser\u00e1n atendidos, en el plazo de 1 mes, que podr\u00e1 ampliarse a 2 meses si la complejidad de la solicitud o el n\u00famero de solicitudes recibidas as\u00ed lo exige. Todo ello sin perjuicio del deber de conservar ciertos datos en los t\u00e9rminos legales y hasta que prescriban las posibles responsabilidades derivadas de un posible tratamiento, o, en su caso, de una relaci\u00f3n contractual.\n\nAdem\u00e1s de lo anterior, y en relaci\u00f3n con la normativa de protecci\u00f3n de datos, los usuarios que lo soliciten, tienen la posibilidad de organizar el destino de sus datos despu\u00e9s de su fallecimiento.<\/span>\n\t\t\t\n\t\t\t\t\t\t<button type=\"button\" class=\"elementor-alert-dismiss\" aria-label=\"Descartar esta alerta.\">\n\t\t\t\t\t\t\t\t\t<span aria-hidden=\"true\">&times;<\/span>\n\t\t\t\t\t\t\t<\/button>\n\t\t\t\n\t\t<\/div>\n\t\t\t\t\t\t<\/div>\n\t\t\t\t<\/div>\n\t\t\t\t\t<\/div>\n\t\t<\/div>\n\t\t\t\t\t<\/div>\n\t\t<\/section>\n\t\t\t\t<section class=\"elementor-section elementor-top-section elementor-element elementor-element-2d4c366 elementor-section-boxed elementor-section-height-default elementor-section-height-default\" data-id=\"2d4c366\" data-element_type=\"section\" data-e-type=\"section\">\n\t\t\t\t\t\t<div class=\"elementor-container elementor-column-gap-default\">\n\t\t\t\t\t<div class=\"elementor-column elementor-col-100 elementor-top-column elementor-element elementor-element-6c7d0bb\" data-id=\"6c7d0bb\" data-element_type=\"column\" data-e-type=\"column\">\n\t\t\t<div class=\"elementor-widget-wrap elementor-element-populated\">\n\t\t\t\t\t\t<div class=\"elementor-element elementor-element-8424f40 elementor-widget elementor-widget-text-editor\" data-id=\"8424f40\" data-element_type=\"widget\" data-e-type=\"widget\" data-widget_type=\"text-editor.default\">\n\t\t\t\t<div class=\"elementor-widget-container\">\n\t\t\t\t\t\t\t\t\t<p><strong>Informaci\u00f3n B\u00e1sica Sobre Protecci\u00f3n de Datos<\/strong><\/p>\n<table width=\"643\">\n<tbody>\n<tr>\n<td width=\"182\">\n<p><strong>RESPONSABLE:<\/strong><\/p>\n<\/td>\n<td width=\"460\">\n<p>Federaci\u00f3n Provincial de Empresas del Metal y Nuevas Tecnolog\u00edas de Santa Cruz de Tenerife, FEMETE, femete@femete.es<\/p>\n<\/td>\n<\/tr>\n<tr>\n<td width=\"182\">\n<p><strong>FINALIDAD:<\/strong><\/p>\n<\/td>\n<td width=\"460\">\n<p>Darle de alta como usuario y gestionar su participaci\u00f3n de proyectos de formaci\u00f3n e inserci\u00f3n laboral.<\/p>\n<\/td>\n<\/tr>\n<tr>\n<td width=\"182\">\n<p><strong>LEGITIMACI\u00d3N:<\/strong><\/p>\n<\/td>\n<td width=\"460\">\n<p>Cumplimiento de la relaci\u00f3n contractual.<\/p>\n<\/td>\n<\/tr>\n<tr>\n<td width=\"182\">\n<p><strong>DERECHOS:<\/strong><\/p>\n<\/td>\n<td width=\"460\">\n<p>Acceso, rectificaci\u00f3n, supresi\u00f3n, oposici\u00f3n, limitaci\u00f3n del tratamiento, portabilidad y presentar reclamaci\u00f3n ante la Agencia Espa\u00f1ola de Protecci\u00f3n de Datos.<\/p>\n<\/td>\n<\/tr>\n<tr>\n<td width=\"182\">\n<p><strong>INFORMACI\u00d3N ADICIONAL:<\/strong><\/p>\n<\/td>\n<td width=\"460\">\n<p>Consulte la informaci\u00f3n adicional y detallada sobre Protecci\u00f3n de Datos en nuestra <strong>Pol\u00edtica de Privacidad.<\/strong><\/p>\n<\/td>\n<\/tr>\n<\/tbody>\n<\/table>\t\t\t\t\t\t\t\t<\/div>\n\t\t\t\t<\/div>\n\t\t\t\t\t<\/div>\n\t\t<\/div>\n\t\t\t\t\t<\/div>\n\t\t<\/section>\n\t\t\t\t<section class=\"elementor-section elementor-top-section elementor-element elementor-element-451d233 elementor-section-boxed elementor-section-height-default elementor-section-height-default\" data-id=\"451d233\" data-element_type=\"section\" data-e-type=\"section\">\n\t\t\t\t\t\t<div class=\"elementor-container elementor-column-gap-default\">\n\t\t\t\t\t<div class=\"elementor-column elementor-col-100 elementor-top-column elementor-element elementor-element-0a9b50e\" data-id=\"0a9b50e\" data-element_type=\"column\" data-e-type=\"column\">\n\t\t\t<div class=\"elementor-widget-wrap elementor-element-populated\">\n\t\t\t\t\t\t<div class=\"elementor-element elementor-element-7c5e526 elementor-widget elementor-widget-text-editor\" data-id=\"7c5e526\" data-element_type=\"widget\" data-e-type=\"widget\" data-widget_type=\"text-editor.default\">\n\t\t\t\t<div class=\"elementor-widget-container\">\n\t\t\t\t\t\t\t\t\t<p><strong>FEMETE, en Resoluci\u00f3n n\u00ba 12\/01793 del Director del Servicio Canario de Empleo de fecha 10\/04\/2012, ha sido autorizada como Agencia de Colocaci\u00f3n, con n\u00famero de identificaci\u00f3n 0500000007<\/strong><\/p>\n<div class=\"wp-block-image\">\n<figure class=\"alignright\"><img decoding=\"async\" width=\"300\" height=\"104\" src=\"https:\/\/i2.wp.com\/wp2.femete.com.es\/wp-content\/uploads\/2018\/02\/logo_sce-300x104.jpg?resize=202%2C70\" alt=\"\" class=\"wp-image-847\" srcset=\"https:\/\/i0.wp.com\/viejaweb.femete.com.es\/wp-content\/uploads\/2018\/02\/logo_sce.jpg?resize=300%2C104&amp;ssl=1 300w, https:\/\/i0.wp.com\/viejaweb.femete.com.es\/wp-content\/uploads\/2018\/02\/logo_sce.jpg?resize=600%2C208&amp;ssl=1 600w, https:\/\/i0.wp.com\/viejaweb.femete.com.es\/wp-content\/uploads\/2018\/02\/logo_sce.jpg?resize=768%2C266&amp;ssl=1 768w, https:\/\/i0.wp.com\/viejaweb.femete.com.es\/wp-content\/uploads\/2018\/02\/logo_sce.jpg?w=1024&amp;ssl=1 1024w\" sizes=\"(max-width: 300px) 100vw, 300px\" \/><\/figure>\n<\/div>\t\t\t\t\t\t\t\t<\/div>\n\t\t\t\t<\/div>\n\t\t\t\t\t<\/div>\n\t\t<\/div>\n\t\t\t\t\t<\/div>\n\t\t<\/section>\n\t\t\t\t<section class=\"elementor-section elementor-top-section elementor-element elementor-element-634435c elementor-section-boxed elementor-section-height-default elementor-section-height-default\" data-id=\"634435c\" data-element_type=\"section\" data-e-type=\"section\">\n\t\t\t\t\t\t<div class=\"elementor-container elementor-column-gap-default\">\n\t\t\t\t\t<div class=\"elementor-column elementor-col-100 elementor-top-column elementor-element elementor-element-c2b9023\" data-id=\"c2b9023\" data-element_type=\"column\" data-e-type=\"column\">\n\t\t\t<div class=\"elementor-widget-wrap elementor-element-populated\">\n\t\t\t\t\t\t<div class=\"elementor-element elementor-element-4c95dfd elementor-widget elementor-widget-spacer\" data-id=\"4c95dfd\" data-element_type=\"widget\" data-e-type=\"widget\" data-widget_type=\"spacer.default\">\n\t\t\t\t<div class=\"elementor-widget-container\">\n\t\t\t\t\t\t\t<div class=\"elementor-spacer\">\n\t\t\t<div class=\"elementor-spacer-inner\"><\/div>\n\t\t<\/div>\n\t\t\t\t\t\t<\/div>\n\t\t\t\t<\/div>\n\t\t\t\t\t<\/div>\n\t\t<\/div>\n\t\t\t\t\t<\/div>\n\t\t<\/section>\n\t\t\t\t<\/div>\n\t\t","protected":false},"excerpt":{"rendered":"<p>Agencia de colocaci\u00f3n \u00bfTe dedicas al sector del metal y las nuevas tecnolog\u00edas, y no encuentras una oferta que se adapte a tu perfil? Accede a nuestra Agencia de Colocaci\u00f3n autorizada y forma parte de ella [contact-form-7 id=\u00bb18997&#8243; title=\u00bb\u00bfBuscas empleo?\u00bb] Pol\u00edtica de privacidad Femete para proteger los derechos individuales, sobre<a class=\"moretag\" href=\"https:\/\/viejaweb.femete.com.es\/?page_id=6316\"> Leer m\u00e1s<\/a><\/p>\n","protected":false},"author":1,"featured_media":1035,"parent":0,"menu_order":0,"comment_status":"closed","ping_status":"closed","template":"elementor_header_footer","meta":{"footnotes":""},"class_list":["post-6316","page","type-page","status-publish","has-post-thumbnail","hentry"],"jetpack_sharing_enabled":true,"jetpack_shortlink":"https:\/\/wp.me\/P9F20n-1DS","_links":{"self":[{"href":"https:\/\/viejaweb.femete.com.es\/index.php?rest_route=\/wp\/v2\/pages\/6316","targetHints":{"allow":["GET"]}}],"collection":[{"href":"https:\/\/viejaweb.femete.com.es\/index.php?rest_route=\/wp\/v2\/pages"}],"about":[{"href":"https:\/\/viejaweb.femete.com.es\/index.php?rest_route=\/wp\/v2\/types\/page"}],"author":[{"embeddable":true,"href":"https:\/\/viejaweb.femete.com.es\/index.php?rest_route=\/wp\/v2\/users\/1"}],"replies":[{"embeddable":true,"href":"https:\/\/viejaweb.femete.com.es\/index.php?rest_route=%2Fwp%2Fv2%2Fcomments&post=6316"}],"version-history":[{"count":0,"href":"https:\/\/viejaweb.femete.com.es\/index.php?rest_route=\/wp\/v2\/pages\/6316\/revisions"}],"wp:featuredmedia":[{"embeddable":true,"href":"https:\/\/viejaweb.femete.com.es\/index.php?rest_route=\/wp\/v2\/media\/1035"}],"wp:attachment":[{"href":"https:\/\/viejaweb.femete.com.es\/index.php?rest_route=%2Fwp%2Fv2%2Fmedia&parent=6316"}],"curies":[{"name":"wp","href":"https:\/\/api.w.org\/{rel}","templated":true}]}}